{"id":35,"date":"2015-03-26T09:11:37","date_gmt":"2015-03-26T07:11:37","guid":{"rendered":"http:\/\/perhonjokilaaksonkuvataideyhdistys.com\/?page_id=35"},"modified":"2019-07-25T14:50:48","modified_gmt":"2019-07-25T11:50:48","slug":"linkit-tiedostot","status":"publish","type":"page","link":"https:\/\/perhonjokilaaksonkuvataideyhdistys.com\/?page_id=35","title":{"rendered":"LINKIT &#038; TIEDOSTOT"},"content":{"rendered":"<p>LINKKEJ\u00c4 JA TIEDOSTOJA<br \/>\nYhdistyksen ladattavia tiedostoja<br \/>\n(tiedostot saa auki sovelluksilla: Adobe Acrobat, Word ja Open office)<\/p>\n<p>&nbsp;<\/p>\n<p>Vuoden 2019 j\u00e4senmaksu on 10 \u20ac<\/p>\n<p><a href=\"https:\/\/perhonjokilaaksonkuvataideyhdistys.com\/wp-content\/uploads\/2016\/04\/J\u00e4senmaksulomakekirje16.pdf\">VUODEN 2016 J\u00e4senmaksulomake<\/a><\/p>\n<p>&nbsp;<\/p>\n<p>Muut:<br \/>\n<a href=\"https:\/\/perhonjokilaaksonkuvataideyhdistys.com\/wp-content\/uploads\/2015\/03\/lehdistotiedote-30.6.2014.docx\">lehdistotiedote 30.6.2014<\/a><\/p>\n<p><a href=\"https:\/\/perhonjokilaaksonkuvataideyhdistys.com\/wp-content\/uploads\/2016\/02\/Kutsu-osallistumaan-n\u00e4yttelyyn.doc\">Kutsu vuoden 2016 kes\u00e4n\u00e4yttelyyn PAKO <\/a><\/p>\n","protected":false},"excerpt":{"rendered":"<p>LINKKEJ\u00c4 JA TIEDOSTOJA Yhdistyksen ladattavia tiedostoja (tiedostot saa auki sovelluksilla: Adobe Acrobat, Word ja Open office) &nbsp; Vuoden 2019 j\u00e4senmaksu on 10 \u20ac VUODEN 2016 J\u00e4senmaksulomake &nbsp; Muut: lehdistotiedote 30.6.2014 Kutsu vuoden 2016 kes\u00e4n\u00e4yttelyyn PAKO<\/p>\n","protected":false},"author":1,"featured_media":0,"parent":0,"menu_order":0,"comment_status":"closed","ping_status":"open","template":"","meta":{"footnotes":""},"class_list":["post-35","page","type-page","status-publish","hentry","empty-entry-meta"],"_links":{"self":[{"href":"https:\/\/perhonjokilaaksonkuvataideyhdistys.com\/index.php?rest_route=\/wp\/v2\/pages\/35","targetHints":{"allow":["GET"]}}],"collection":[{"href":"https:\/\/perhonjokilaaksonkuvataideyhdistys.com\/index.php?rest_route=\/wp\/v2\/pages"}],"about":[{"href":"https:\/\/perhonjokilaaksonkuvataideyhdistys.com\/index.php?rest_route=\/wp\/v2\/types\/page"}],"author":[{"embeddable":true,"href":"https:\/\/perhonjokilaaksonkuvataideyhdistys.com\/index.php?rest_route=\/wp\/v2\/users\/1"}],"replies":[{"embeddable":true,"href":"https:\/\/perhonjokilaaksonkuvataideyhdistys.com\/index.php?rest_route=%2Fwp%2Fv2%2Fcomments&post=35"}],"version-history":[{"count":28,"href":"https:\/\/perhonjokilaaksonkuvataideyhdistys.com\/index.php?rest_route=\/wp\/v2\/pages\/35\/revisions"}],"predecessor-version":[{"id":1831,"href":"https:\/\/perhonjokilaaksonkuvataideyhdistys.com\/index.php?rest_route=\/wp\/v2\/pages\/35\/revisions\/1831"}],"wp:attachment":[{"href":"https:\/\/perhonjokilaaksonkuvataideyhdistys.com\/index.php?rest_route=%2Fwp%2Fv2%2Fmedia&parent=35"}],"curies":[{"name":"wp","href":"https:\/\/api.w.org\/{rel}","templated":true}]}}