{"id":33,"date":"2015-03-26T09:11:22","date_gmt":"2015-03-26T07:11:22","guid":{"rendered":"http:\/\/perhonjokilaaksonkuvataideyhdistys.com\/?page_id=33"},"modified":"2015-03-31T09:28:59","modified_gmt":"2015-03-31T06:28:59","slug":"taiteilijat","status":"publish","type":"page","link":"https:\/\/perhonjokilaaksonkuvataideyhdistys.com\/?page_id=33","title":{"rendered":"TAITEILIJAT"},"content":{"rendered":"<p>&nbsp;<\/p>\n<p><strong>N\u00e4yttelyss\u00e4 mukana olevat taiteilijat ja taiteen harrastajat<\/strong><\/p>\n<p><strong>2014<\/strong><\/p>\n<p>ARTOUTO. Vetelin Taidekartanon viides kuvataiden\u00e4yttely<\/p>\n<p>Kutsutaiteilija: Esa Riippa<\/p>\n<p>Jurytetyt osallistujat:<\/p>\n<p>Bj\u00f6rk Riitta, Porvoo<br \/>\nHanhela Eila, Kaustinen<br \/>\nHarju Rauni, Veteli<br \/>\nHietala Ulla, Kokkola<br \/>\nHietanen Ulla, Toholampi<br \/>\nHoltti Heikki, Veteli<br \/>\nHuusko Leena, Veteli<br \/>\nJ\u00e4rvel\u00e4 Aila, Kruunupyy<br \/>\nKinare Hannele, Kokkola<br \/>\nKlemola Pirkko, Veteli<br \/>\nKola Helena, Kokkola<br \/>\nKonttinen Sirpa, Kokkola<br \/>\nKoskinen Aki, Kokkola<br \/>\nLahti-Luopa Jaana, Kaustinen<br \/>\nLepp\u00e4niemi Katja, Veteli<br \/>\nLepp\u00e4vuori Leena, Veteli<br \/>\nLerbacka Riitta, Kokkola<br \/>\nL\u00e4sp\u00e4 Eeva, Veteli<br \/>\nMeht\u00e4l\u00e4 Mikko, Kokkola<br \/>\nMelender Juhani, Kokkola<br \/>\nMeril\u00e4inen Aila, Toholampi<br \/>\nMikkil\u00e4 Sisko, Keuruu<br \/>\nM\u00e4kinen Sari, Kokkola<br \/>\nNykyri Raija, Kaustinen<br \/>\nPaasila Aino, Kokkola<br \/>\nPaavola Raila, Kaustinen<br \/>\nPlusisaari Sinikka, K\u00e4lvi\u00e4<br \/>\nPolso Hilkka, Veteli<br \/>\nPynssi Kaisa, Veteli<br \/>\nRauma Riina, Kokkola<br \/>\nRiippa Esa, K\u00e4lvi\u00e4<br \/>\nRiska Liisa, Kruunupyy<br \/>\nSavolainen Irmeli, Veteli<br \/>\nSiiril\u00e4 Silja, Kokkola<br \/>\nSiponkoski Veikko, Laihia<br \/>\nS\u00f6derbacka Carita, Kruunupyy<br \/>\nTaipale-Koukkula Kirsti, Veteli<br \/>\nTikkanen Raija, Kaustinen<br \/>\nTorppa Rauni, Veteli<br \/>\nTuppurainen Tiina, Kaustinen<br \/>\nUtter \u00c5ke, Lestij\u00e4rvi<br \/>\nUusitalo Laila, Veteli<br \/>\nUusikartano Ritva, Kokkola<br \/>\nValo Maria-Sisko, Kaustinen<br \/>\nVarila Lahja ja Heikki Holtti, Veteli<br \/>\nV\u00e4h\u00e4kainu Aimo, Veteli<br \/>\nWidjeskog Sanna, Veteli<\/p>\n<p><strong>2013<\/strong><\/p>\n<p>Vetelin Taidekartanon nelj\u00e4s kuvataiden\u00e4yttely<\/p>\n<p>Kutsutaiteilija: Leena Salmela<\/p>\n<p>Jurytetyt osallistujat:<\/p>\n<p>Bj\u00f6rk Riitta, Porvoo<br \/>\nG\u00f6\u00f6s Maija, K\u00e4lvi\u00e4<br \/>\nHanhela Eila, Kaustinen<br \/>\nHaukilahti Tarja, Veteli<br \/>\nHoltti Heikki, Veteli<br \/>\nHuusko Leena, Veteli<br \/>\nKentala Veera, Kaustinen<br \/>\nKiiskil\u00e4 Annika, Kankaanp\u00e4\u00e4<br \/>\nKlemola Pirkko, Veteli<br \/>\nKoskela Susanna, Veteli<br \/>\nLahti-Luopa Jaana, Kaustinen<br \/>\nLepp\u00e4niemi Hannele, Veteli<br \/>\nLepp\u00e4niemi Katja, Veteli<br \/>\nLepp\u00e4vuori Leena, Veteli<br \/>\nLerbacka Riitta, Kokkola<br \/>\nLiulia Marita, Helsinki<br \/>\nL\u00e4sp\u00e4 Eeva, Veteli<br \/>\nMeril\u00e4inen Aila, V\u00e4ster\u00e5s<br \/>\nMikkil\u00e4 Sisko, Keuruu<br \/>\nNisula Sami, Veteli<br \/>\nNykyri Anna, Helsinki<br \/>\nNykyri Raija, Kaustinen<br \/>\nPaasila Aino, Kokkola<br \/>\nPaavola Raila, Kaustinen<br \/>\nPirkola Kaija, Kokkola<br \/>\nPoikola Olavi, Perho<br \/>\nRahkolin Ulla, Kannus<br \/>\nSavolainen Irmeli, Veteli<br \/>\nSiponkoski Veikko, Laihia<br \/>\nS\u00f6derbacka Carita, Kruunupyy<br \/>\nTaipale-Koukkula Kirsti, Veteli<br \/>\nTiainen Esa, Kokkola<br \/>\nTikkakoski Saara M, Veteli<br \/>\nTikkanen Raija, Kaustinen<br \/>\nTorppa Rauni, Veteli<br \/>\nTorppa Taina, Veteli<br \/>\nUtter \u00c5ke, Lestij\u00e4rvi<br \/>\nUusitalo Laila, Veteli<br \/>\nValo Mariasisko, Kaustinen<br \/>\nV\u00e4h\u00e4kainu Aimo, Veteli<br \/>\nWidjeskog Sanna, Veteli<br \/>\nWikstr\u00f6m Kristiina, Kokkola<br \/>\nYrttikoski Jenni, Veteli<br \/>\nYrttikoski Julia, Veteli<br \/>\n\u00c5by Hannele, Veteli<br \/>\n\u00c4ij\u00e4l\u00e4 Taimi, Kaustinen<\/p>\n<p>Jos sinulla on jotain kysytt\u00e4v\u00e4\u00e4, ota meihin yhteytt\u00e4.<br \/>\nPoisj\u00e4tetyist\u00e4 teoksista ilmoitamme henkil\u00f6kohtaisesti.<\/p>\n<p><strong>Aiemmissa n\u00e4yttelyiss\u00e4 mukana olleet taiteilijat ja taiteen harrastajat<\/strong><\/p>\n<p><strong>2012<\/strong><\/p>\n<p>Vetelin Taidekartanon kolmas kuvataiden\u00e4yttely<\/p>\n<p>Kutsutaiteilija: Marita Liulia<\/p>\n<p>Jurytetyt osallistujat:<\/p>\n<p>Hanhela Eila, Kaustinen<br \/>\nHarjupatana Toini, Veteli<br \/>\nHaukilahti Elias, Kaustinen<br \/>\nHoltti Heikki, Veteli<br \/>\nHuntus Leena, Kaustinen<br \/>\nHuusko Leena, Veteli<br \/>\nIsosaari Voitto, Veteli<br \/>\nKalliokoski Seppo, Halsua<br \/>\nKarhulahti Maijariitta, Kuopio<br \/>\nKeski-Korpi Leila, Kannus<br \/>\nKiiskil\u00e4 Annika, Lestij\u00e4rvi<br \/>\nKivij\u00e4rvi Pilvi, Joensuu<br \/>\nLahti-Luopa Jaana, Kaustinen<br \/>\nLehtonen Tarja, Kungs\u00e4ngen, Ruotsi<br \/>\nLepp\u00e4niemi Hannele, Veteli<br \/>\nLepp\u00e4niemi Katja, Veteli<br \/>\nLepp\u00e4vuori Leena, Veteli<br \/>\nL\u00e4sp\u00e4 Eeva, Veteli<br \/>\nMikkil\u00e4 Sisko, Keuruu<br \/>\nNykyri Anna, Helsinki<br \/>\nNykyri Raija, Kaustinen<br \/>\nNyk\u00e4nen-Funke Katriina, Mikkeli<br \/>\nPaavola Raila, Kaustinen<br \/>\nPoikola Olavi, Perho<br \/>\nPyykk\u00f6-Sepp\u00e4l\u00e4 Liisa, Veteli<br \/>\n\u00c5by Hannele, Veteli<br \/>\nRahkolin Ulla, Kannus<br \/>\nRauhala Erkki,Veteli<br \/>\nRoos Seija, Pietarsaari<br \/>\nSalmela Leena, Veteli<br \/>\nSarisalo Sakari, Kannus<br \/>\nSavolainen Irmeli, Veteli<br \/>\nSiponkoski Veikko, Laihia<br \/>\nTaipale-Koukkula Kirsti, Veteli<br \/>\nTofferi Vuokko, Kannus<br \/>\nTokola Aune, Kannus<br \/>\nTorppa Rauni, Veteli<br \/>\nUtter \u00c5ke, Lestij\u00e4rvi<br \/>\nUusitalo Laila, Veteli<br \/>\nVentil\u00e4 Minna, Perho<br \/>\nValo Mariasisko, Kaustinen<br \/>\nV\u00e4h\u00e4kainu Aimo, Veteli<br \/>\n\u00c4ij\u00e4l\u00e4 Taimi, Kaustinen<\/p>\n<p><strong>2011<\/strong><\/p>\n<p>Vetelin Taidekartanon toinen kuvataiden\u00e4yttely<\/p>\n<p>Kutsutaiteilija: Jaakko Valo<\/p>\n<p>Jurytetyt osallistujat:<\/p>\n<p>Harju Liisa,<br \/>\nHaukilahti Elias,<br \/>\nHaukilahti Tarja,<br \/>\nHeikkil\u00e4 Antti,<br \/>\nHuntus Leena,<br \/>\nHuusko Leena,<br \/>\nKalliokoski Kaija,<br \/>\nKangas Riikka,<br \/>\nKangas Ritva,<br \/>\nKaunisto Noora,<br \/>\nKarhulahti Maijariitta,<br \/>\nKauppinen Reetta,<br \/>\nKentala Veera,<br \/>\nKessunmaa Vilho (edesmennyt),<br \/>\nKivij\u00e4rvi Bertta,<br \/>\nKivij\u00e4rvi Pilvi,<br \/>\nKlemola Ilkka,<br \/>\nLepp\u00e4niemi Anne Mari,<br \/>\nLepp\u00e4niemi Hannele,<br \/>\nLepp\u00e4niemi Katja,<br \/>\nLepp\u00e4vuori Leena,<br \/>\nL\u00e4sp\u00e4 Eeva,<br \/>\nL\u00e4sp\u00e4 Kaarina,<br \/>\nMikkil\u00e4 Sisko,<br \/>\nM\u00e4ntykorpi-Kaunisto Tuija,<br \/>\nNykyri Raija,<br \/>\nNyk\u00e4nen-Funke Katriina,<br \/>\nPaavola Hanssi,<br \/>\nPaavola Raila,<br \/>\nPalosaari Mauri,<br \/>\nPajuoja Taisto,<br \/>\nPatana Essi,<br \/>\nPatana Mervi,<br \/>\nPatrikainen Lena,<br \/>\nPoikola Olavi,<br \/>\nPyykk\u00f6-Sepp\u00e4l\u00e4 Liisa,<br \/>\nSalmela Leena,<br \/>\nSalmu Sirpa,<br \/>\nSavolainen Irmeli,<br \/>\nTaipale-Koukkula Kirsti,<br \/>\nTofferi Vuokko,<br \/>\nTyni Antti,<br \/>\nTyynel\u00e4 Hannu,<br \/>\nUusitalo Laila,<br \/>\nValo Maria Sisko,<br \/>\nV\u00e4h\u00e4kainu Aimo,<br \/>\n\u00c5by Hannele,<br \/>\n\u00c4ij\u00e4l\u00e4 Taimi<\/p>\n<p>Perhonjokilaakson kansalaisopiston Ikonin\u00e4yttelyyn<br \/>\nosallistuneet:<\/p>\n<p>Sirkka Arkkukangas, Karola K\u00e4ns\u00e4l\u00e4, Eeva L\u00e4sp\u00e4, Kaarina L\u00e4sp\u00e4,<br \/>\nOlga Melet-Pajuoja, Taisto Pajuoja, Pirjo-Liisa Tastula, Simo<br \/>\nUusitalo.<\/p>\n<p><strong>2010<\/strong><\/p>\n<p>Vetelin Taidekartanon ensimm\u00e4inen kuvataiden\u00e4yttely<\/p>\n<p>Kaarina Ev\u00e4l\u00e4-Lindholm,<br \/>\nTarja Haukilahti,<br \/>\nAntti Heikkil\u00e4,<br \/>\nLeena Huusko,<br \/>\nMaila Huusko,<br \/>\nSeppo Kalliokoski,<br \/>\nPilvi Kivij\u00e4rvi,<br \/>\nIlkka Klemola,<br \/>\nOrvokki Klemola,<br \/>\nPirkko Klemola,<br \/>\nLeena Lepp\u00e4vuori,<br \/>\nOlga Melet-Pajuoja,<br \/>\nRaija Nykyri,<br \/>\nHilkka Polso,<br \/>\nSanna Polso,<br \/>\nReijo Pulkkinen,<br \/>\nLiisa Pyykk\u00f6-Sepp\u00e4l\u00e4,<br \/>\nErkki Rauhala,<br \/>\nLeena Salmela,<br \/>\nIrmeli Savolainen,<br \/>\nKirsti Taipale-Koukkula,<br \/>\nTaina Torppa,<br \/>\nAntti Tyni,<br \/>\nLahja Varila,<br \/>\nAimo V\u00e4h\u00e4kainu<\/p>\n","protected":false},"excerpt":{"rendered":"<p>&nbsp; N\u00e4yttelyss\u00e4 mukana olevat taiteilijat ja taiteen harrastajat 2014 ARTOUTO. Vetelin Taidekartanon viides kuvataiden\u00e4yttely Kutsutaiteilija: Esa Riippa Jurytetyt osallistujat: Bj\u00f6rk Riitta, Porvoo Hanhela Eila, Kaustinen Harju Rauni, Veteli Hietala Ulla, Kokkola Hietanen Ulla, Toholampi Holtti Heikki, Veteli Huusko Leena, Veteli J\u00e4rvel\u00e4 Aila, Kruunupyy Kinare Hannele, Kokkola Klemola Pirkko, Veteli Kola Helena, Kokkola Konttinen Sirpa, Kokkola&hellip;<\/p>\n","protected":false},"author":1,"featured_media":0,"parent":0,"menu_order":0,"comment_status":"closed","ping_status":"open","template":"","meta":{"footnotes":""},"class_list":["post-33","page","type-page","status-publish","hentry","empty-entry-meta"],"_links":{"self":[{"href":"https:\/\/perhonjokilaaksonkuvataideyhdistys.com\/index.php?rest_route=\/wp\/v2\/pages\/33","targetHints":{"allow":["GET"]}}],"collection":[{"href":"https:\/\/perhonjokilaaksonkuvataideyhdistys.com\/index.php?rest_route=\/wp\/v2\/pages"}],"about":[{"href":"https:\/\/perhonjokilaaksonkuvataideyhdistys.com\/index.php?rest_route=\/wp\/v2\/types\/page"}],"author":[{"embeddable":true,"href":"https:\/\/perhonjokilaaksonkuvataideyhdistys.com\/index.php?rest_route=\/wp\/v2\/users\/1"}],"replies":[{"embeddable":true,"href":"https:\/\/perhonjokilaaksonkuvataideyhdistys.com\/index.php?rest_route=%2Fwp%2Fv2%2Fcomments&post=33"}],"version-history":[{"count":5,"href":"https:\/\/perhonjokilaaksonkuvataideyhdistys.com\/index.php?rest_route=\/wp\/v2\/pages\/33\/revisions"}],"predecessor-version":[{"id":1516,"href":"https:\/\/perhonjokilaaksonkuvataideyhdistys.com\/index.php?rest_route=\/wp\/v2\/pages\/33\/revisions\/1516"}],"wp:attachment":[{"href":"https:\/\/perhonjokilaaksonkuvataideyhdistys.com\/index.php?rest_route=%2Fwp%2Fv2%2Fmedia&parent=33"}],"curies":[{"name":"wp","href":"https:\/\/api.w.org\/{rel}","templated":true}]}}