{"id":31,"date":"2015-03-26T09:11:07","date_gmt":"2015-03-26T07:11:07","guid":{"rendered":"http:\/\/perhonjokilaaksonkuvataideyhdistys.com\/?page_id=31"},"modified":"2026-05-05T15:02:18","modified_gmt":"2026-05-05T12:02:18","slug":"hallitus","status":"publish","type":"page","link":"https:\/\/perhonjokilaaksonkuvataideyhdistys.com\/?page_id=31","title":{"rendered":"HALLITUS"},"content":{"rendered":"<p style=\"text-align: left;\"><strong>Hallitus 2026<\/strong><\/p>\n<hr \/>\n<p>Elina Vuorimies, puheenjohtaja<br \/>\nUlla Annala, varapuheenjohtaja<br \/>\nLiisa Veiskola, sihteeri<br \/>\nHannele \u00c5by, rahastonhoitaja<br \/>\nEeva L\u00e4sp\u00e4<br \/>\nMaria-Leena M\u00e4kel\u00e4<br \/>\nRaija Nykyri<br \/>\nMarja Tainio<\/p>\n","protected":false},"excerpt":{"rendered":"<p>Hallitus 2026 Elina Vuorimies, puheenjohtaja Ulla Annala, varapuheenjohtaja Liisa Veiskola, sihteeri Hannele \u00c5by, rahastonhoitaja Eeva L\u00e4sp\u00e4 Maria-Leena M\u00e4kel\u00e4 Raija Nykyri Marja Tainio<\/p>\n","protected":false},"author":1,"featured_media":0,"parent":0,"menu_order":0,"comment_status":"closed","ping_status":"open","template":"","meta":{"footnotes":""},"class_list":["post-31","page","type-page","status-publish","hentry","empty-entry-meta"],"_links":{"self":[{"href":"https:\/\/perhonjokilaaksonkuvataideyhdistys.com\/index.php?rest_route=\/wp\/v2\/pages\/31","targetHints":{"allow":["GET"]}}],"collection":[{"href":"https:\/\/perhonjokilaaksonkuvataideyhdistys.com\/index.php?rest_route=\/wp\/v2\/pages"}],"about":[{"href":"https:\/\/perhonjokilaaksonkuvataideyhdistys.com\/index.php?rest_route=\/wp\/v2\/types\/page"}],"author":[{"embeddable":true,"href":"https:\/\/perhonjokilaaksonkuvataideyhdistys.com\/index.php?rest_route=\/wp\/v2\/users\/1"}],"replies":[{"embeddable":true,"href":"https:\/\/perhonjokilaaksonkuvataideyhdistys.com\/index.php?rest_route=%2Fwp%2Fv2%2Fcomments&post=31"}],"version-history":[{"count":10,"href":"https:\/\/perhonjokilaaksonkuvataideyhdistys.com\/index.php?rest_route=\/wp\/v2\/pages\/31\/revisions"}],"predecessor-version":[{"id":1581,"href":"https:\/\/perhonjokilaaksonkuvataideyhdistys.com\/index.php?rest_route=\/wp\/v2\/pages\/31\/revisions\/1581"}],"wp:attachment":[{"href":"https:\/\/perhonjokilaaksonkuvataideyhdistys.com\/index.php?rest_route=%2Fwp%2Fv2%2Fmedia&parent=31"}],"curies":[{"name":"wp","href":"https:\/\/api.w.org\/{rel}","templated":true}]}}