{"id":27,"date":"2015-03-26T09:10:39","date_gmt":"2015-03-26T07:10:39","guid":{"rendered":"http:\/\/perhonjokilaaksonkuvataideyhdistys.com\/?page_id=27"},"modified":"2015-03-31T09:23:50","modified_gmt":"2015-03-31T06:23:50","slug":"kesanayttelyt","status":"publish","type":"page","link":"https:\/\/perhonjokilaaksonkuvataideyhdistys.com\/?page_id=27","title":{"rendered":"KES\u00c4N\u00c4YTTELYT"},"content":{"rendered":"<p><strong>Kes\u00e4n\u00e4yttelyt Vetelin Taidekartanossa<\/strong><\/p>\n<p><a href=\"https:\/\/perhonjokilaaksonkuvataideyhdistys.com\/wp-content\/uploads\/2015\/03\/tklogo.png\"><img loading=\"lazy\" decoding=\"async\" class=\"alignnone size-medium wp-image-1486\" src=\"https:\/\/perhonjokilaaksonkuvataideyhdistys.com\/wp-content\/uploads\/2015\/03\/tklogo-300x161.png\" alt=\"tklogo\" width=\"300\" height=\"161\" srcset=\"https:\/\/perhonjokilaaksonkuvataideyhdistys.com\/wp-content\/uploads\/2015\/03\/tklogo-300x161.png 300w, https:\/\/perhonjokilaaksonkuvataideyhdistys.com\/wp-content\/uploads\/2015\/03\/tklogo.png 539w\" sizes=\"auto, (max-width: 300px) 100vw, 300px\" \/><\/a><\/p>\n<hr \/>\n<p>Taidekartano eli entinen Vetelin Em\u00e4nt\u00e4koulu rakennettiin<\/p>\n<p>vuonna 1937 ja sen omistaa Vetelin kunta. Vuonna 2010<br \/>\nPerhonjokilaakson Kuvataideyhdistys j\u00e4rjesti p\u00e4\u00e4rakennuksessa<br \/>\nkes\u00e4n kest\u00e4neen Vetelil\u00e4isten Kuvataiteilijoiden ja harrastajien<br \/>\nyhteisn\u00e4yttelyn. P\u00e4\u00e4rakennus nimettiin ep\u00e4virallisesti 1.6.2010<br \/>\nalkaen Vetelin Taidekartanoksi.<\/p>\n<hr \/>\n<p><strong>ARTaika 2013, Vetelin Taidekartanon nelj\u00e4s kuvataiden\u00e4yttely<\/strong><br \/>\n<strong> 2013<\/strong><\/p>\n<p>N\u00e4yttelyyn osallistui Keski-Pohjanmaan maakunnan ja<br \/>\nTeerij\u00e4rven alueilla asuvia sek\u00e4 alueilta l\u00e4ht\u00f6isin olevia<br \/>\nkuvataiteilijoita ja kuvataiteen harrastajia. Kutsutaiteilijana oli<br \/>\nLeena Salmela. N\u00e4yttely koostui paljolti maalauksista,<br \/>\ngrafiikasta sek\u00e4 valokuvista, mutta mukana oli my\u00f6s reliefej\u00e4,<br \/>\ninstallaatio ja mediataidetta. Kutsutaiteilijan t\u00f6iden joukossa oli<br \/>\nmy\u00f6s mosaiikkeja.<\/p>\n<hr \/>\n<p><strong>Vetelin Taidekartanon Kolmas kuvataiden\u00e4yttely 2012<\/strong><\/p>\n<p>Hein\u00e4- ja elokuun kest\u00e4neess\u00e4 n\u00e4yttelyss\u00e4 k\u00e4vi 1040 vierailijaa.<br \/>\nN\u00e4yttelyn kuraattorina toimi Taitelija-ohjaaja Marita Liulia.<br \/>\nTaiteilijoita ja kuvataiteen harrastajia Perhonjokilaakson ja<br \/>\nLestijokilaakson alueelta oli n\u00e4yttelyss\u00e4 mukana 43.<br \/>\nTaideteoksia oli n. 150 ja mukana oli maalausten lis\u00e4ksi my\u00f6s<br \/>\nveistoksia, sekatekniikkat\u00f6it\u00e4 , grafiikkaa sek\u00e4 mediataidetta.<br \/>\nKutsutaiteilijana oli perholaissyntyinen Marita Liulia, jolla oli<br \/>\nesill\u00e4 13 teosta n\u00e4yttelykokonaisuudesta Choosing my religion.<br \/>\nN\u00e4yttely oli avoinna joka p\u00e4iv\u00e4 ja siihen oli sis\u00e4\u00e4np\u00e4\u00e4symaksu 4<br \/>\n\u20ac. Yhdistys j\u00e4rjesti oheistapahtumia Taidekartanossa n\u00e4yttelyn<br \/>\nyhteydess\u00e4, niiss\u00e4 oli tuttuun tapaan aiheina mm. musiikki ja<br \/>\nkirjallisuus.<\/p>\n<hr \/>\n<p><strong>Vetelin Taidekartanon toinen kuvataiden\u00e4yttely 2011<\/strong><\/p>\n<p>Talkooporukkaan kuului Perhonjokilaakson<br \/>\nkuvataideyhdistyksen j\u00e4seni\u00e4 ja taiteilijoita perheineen.<br \/>\nN\u00e4yttelyn valmistelut alkoivat hiljalleen jo talvella ja kev\u00e4\u00e4n<br \/>\nedetess\u00e4 ty\u00f6m\u00e4\u00e4r\u00e4 kasvoi. N\u00e4yttelyyn oli p\u00e4\u00e4tetty jo syksyll\u00e4<br \/>\n2010 ottaa mukaan kutsutaiteilija ja taiteilijaksi valikoitui<br \/>\nkaustislaissyntyinen Jaakko Valo. Muille osallistujille p\u00e4\u00e4tettiin<br \/>\nj\u00e4rjest\u00e4\u00e4 jurytus.<\/p>\n<p>N\u00e4yttelyn kuraattorina toimi l\u00e4\u00e4nintaiteilija Marja Kolu.<br \/>\nN\u00e4yttelyyn tuotiin runsaasti t\u00f6it\u00e4 ja kuraattorimme teki suuren<br \/>\nty\u00f6n valitessaan teokset n\u00e4yttelyyn ja suunnitellessaan<br \/>\njokaiselle ty\u00f6lle oman paikkansa Taidekartanon seinilt\u00e4.<br \/>\nValvojina toimivat arkisin Vetelin kunnan j\u00e4rjest\u00e4m\u00e4t<br \/>\nharjoittelijat: Veera Bj\u00f6rkbacka ja Lotta Heikkil\u00e4.<br \/>\nViikonloppuvalvonta hoidettiin talkooty\u00f6n\u00e4 sek\u00e4 taiteilijoiden<br \/>\nett\u00e4 Kuvataideyhdistyksen j\u00e4senten voimin.<\/p>\n<p>Vuodelle 2011 t\u00e4ytyi tehostaa tapahtumien tiedotusta, joten<br \/>\nTaidekartanolle perustettiin blogi. Blogiin tuli<br \/>\ntapahtumatiedotusten lis\u00e4ksi tapahtumakalenteri.<\/p>\n<p>Kes\u00e4n aikana Taidekartanossa j\u00e4rjestettiin taidekursseja sek\u00e4<br \/>\nmy\u00f6s oheistapahtumia musiikkiin, kirjallisuuteen, ja<br \/>\npaikallisperinteeseen liittyen. Myym\u00e4l\u00e4puodissa oli myynniss\u00e4<br \/>\nalueen asukkaiden k\u00e4sit\u00f6it\u00e4.<\/p>\n<hr \/>\n<p><strong>Muut kes\u00e4n 2011 n\u00e4yttelyt<\/strong><\/p>\n<p>Ikonin\u00e4yttely<\/p>\n<p>Taidekartanon ylimm\u00e4ss\u00e4 kerroksessa oli kes\u00e4n aikana<br \/>\nPerhonjokilaakson kansalaisopiston ikoni-maalauspiirin<br \/>\ntaiden\u00e4yttely, jonka opettajana toimi Olga Melet-Pajuoja.<br \/>\nIkoneiden aiheina olivat Kristusta, Jumalan\u00e4iti\u00e4, pyh\u00e4\u00e4 ihmist\u00e4<br \/>\ntai Raamatun tapahtumia esitt\u00e4v\u00e4t kuvat. Perinteisesti ikonit on<br \/>\nmaalattu puulle, mutta n\u00e4yttelyss\u00e4 oli esill\u00e4 my\u00f6s kankaalle<br \/>\nmaalattuja ikoneja.<\/p>\n<p>Veteli eilen<\/p>\n<p>Taidekartanon ylimp\u00e4\u00e4n kerrokseen tehtiin Vetelin<br \/>\nkotiseutuyhdistyksen toimesta my\u00f6s n\u00e4yttely, joka kertoi<br \/>\nvanhan ajan Vetelist\u00e4. N\u00e4yttely kertoi Vetelin kotiseutumuseolta<br \/>\nlainattujen esineiden avulla tarinan \u201dVeteli eilen, eli v\u00e4h\u00e4st\u00e4 se<br \/>\nalkoi\u201d. N\u00e4yttelyn suurena kiinnostuksen kohteena olivat vanhat<br \/>\nvalokuvat, joita oli runsaasti esill\u00e4 Vetelin eri kylilt\u00e4 kootuissa<br \/>\nalbumeissa. Valokuvakansiot olivat lainassa Vetelin kirjaston<br \/>\nkotiseutukokoelmasta.<\/p>\n<hr \/>\n<p><strong>Taidekartanon esiselvitysty\u00f6<\/strong><\/p>\n<p>Lahja Varila teki esiselvityksen, jonka tarkoituksena oli<br \/>\nkartoittaa Vetelin Taidekartanon edellytyksi\u00e4 ymp\u00e4rivuotisen<br \/>\ntoiminnan syntymiseksi. Tutkimus valaisi erilaisia tulevaisuuden<br \/>\ntoimintaideoita sek\u00e4 siell\u00e4 jo toteutuneita kulttuuritapahtumia.<br \/>\nVetelin Taidekartanosta toivotaan tulevan alueellisesti<br \/>\nmerkitt\u00e4v\u00e4 kuvataiteen kohtaamispaikka.<\/p>\n<p>Tutkimus osoitti, ett\u00e4 haasteita tulee olemaan paljon tarvittavan<br \/>\nyhteisty\u00f6n luomisen sek\u00e4 rahoituksen j\u00e4rjest\u00e4miseksi.<br \/>\nTaidekartanon toimintaidea on kaikesta huolimatta mahdollinen<br \/>\ntoteuttaa. Tarvitaan voimakasta yhteistoimintaa ja<br \/>\nliiketoimintaosaamista sek\u00e4 luottamusta siihen, ett\u00e4 luovien<br \/>\nalojen tuotteilla tulee tulevaisuudessa olemaan entist\u00e4 enemm\u00e4n<br \/>\nkysynt\u00e4\u00e4 kuten trendiennusteetkin kertovat.<\/p>\n<p>Tutkimusmenetelm\u00e4n\u00e4 selvityksess\u00e4 on k\u00e4ytetty<br \/>\nkehitt\u00e4mistoiminnan l\u00e4hestymistapaa. Tutkimus oli laadullinen<br \/>\ntutkimus, jonka aineistoa ker\u00e4ttiin havainnoimalla sek\u00e4<br \/>\nasiakaskyselyn ja haastattelujen avulla. Lahja Varila on toiminut<br \/>\nVetelin Kuvataideyhdistyksen puheenjohtajana ja on ollut<br \/>\nmukana Taidekartanon toiminnassa alusta asti.<\/p>\n<p>Linkeist\u00e4 l\u00f6yd\u00e4t koko esiselvitysty\u00f6n.<\/p>\n<hr \/>\n<p><strong>Vetelin Taidekartanon ensimm\u00e4inen kuvataiden\u00e4yttely 2010<\/strong><\/p>\n<p>Vetelil\u00e4inen kuvanveist\u00e4j\u00e4 Aimo V\u00e4h\u00e4kainu tiedusteli Vetelin<br \/>\nkunnalta mahdollisuutta j\u00e4rjest\u00e4\u00e4 n\u00e4yttelytoimintaa tyhjill\u00e4\u00e4n<br \/>\nolevaan entiseen em\u00e4nt\u00e4koulun rakennukseen. Idea n\u00e4yttelyst\u00e4<br \/>\nalkoi saman tien ker\u00e4t\u00e4 yhteen paikallisia kuvataiteilijoita,<br \/>\nkuvataiteen harrastajia ja taiteen yst\u00e4vi\u00e4. Vetelin kunta<br \/>\nsuhtautui my\u00f6t\u00e4mielisesti hankkeeseen, sill\u00e4 kunnan<br \/>\nkehitt\u00e4misstrategiaan oli kirjattu yhteis\u00f6llisen kulttuurin<br \/>\nkehitt\u00e4minen.<\/p>\n<p>N\u00e4yttelyty\u00f6ryhm\u00e4n kokoontumisissa p\u00e4\u00e4dyttiin siihen, ett\u00e4<br \/>\nn\u00e4yttelytoimintaa organisoitaisiin Perhonjokilaakson<br \/>\nKuvataideyhdistyksen\u00e4. Mukaan tuli samana vuonna my\u00f6s<br \/>\nHymy-hanke, jonka markkinointiavustus ja muu asiantunteva<br \/>\napu oli n\u00e4yttelytapahtumalle ratkaisevan t\u00e4rke\u00e4\u00e4.<br \/>\nSponsorituloja kiersiv\u00e4t ker\u00e4\u00e4m\u00e4ss\u00e4 yhdistyksen j\u00e4senet<br \/>\nnopeaan tahtiin sek\u00e4 j\u00e4senker\u00e4ys saatiin k\u00e4yntiin. N\u00e4in saatiin<br \/>\nyhdistykselle tuloja jotka mahdollistivat ensimm\u00e4isen<br \/>\nkes\u00e4n\u00e4yttelyn toteuttamisen. Pohjanmaan Taidetoimikunnalta<br \/>\nsaadun avustuksen my\u00f6t\u00e4 mahdollistui lis\u00e4ksi samalle kes\u00e4lle<br \/>\ntaiteenopetus seniori- ja erityisryhmille Perhonjokilaakson<br \/>\nkunnissa.<\/p>\n","protected":false},"excerpt":{"rendered":"<p>Kes\u00e4n\u00e4yttelyt Vetelin Taidekartanossa Taidekartano eli entinen Vetelin Em\u00e4nt\u00e4koulu rakennettiin vuonna 1937 ja sen omistaa Vetelin kunta. Vuonna 2010 Perhonjokilaakson Kuvataideyhdistys j\u00e4rjesti p\u00e4\u00e4rakennuksessa kes\u00e4n kest\u00e4neen Vetelil\u00e4isten Kuvataiteilijoiden ja harrastajien yhteisn\u00e4yttelyn. P\u00e4\u00e4rakennus nimettiin ep\u00e4virallisesti 1.6.2010 alkaen Vetelin Taidekartanoksi. ARTaika 2013, Vetelin Taidekartanon nelj\u00e4s kuvataiden\u00e4yttely 2013 N\u00e4yttelyyn osallistui Keski-Pohjanmaan maakunnan ja Teerij\u00e4rven alueilla asuvia sek\u00e4 alueilta l\u00e4ht\u00f6isin olevia&hellip;<\/p>\n","protected":false},"author":1,"featured_media":0,"parent":0,"menu_order":0,"comment_status":"closed","ping_status":"open","template":"","meta":{"footnotes":""},"class_list":["post-27","page","type-page","status-publish","hentry","empty-entry-meta"],"_links":{"self":[{"href":"https:\/\/perhonjokilaaksonkuvataideyhdistys.com\/index.php?rest_route=\/wp\/v2\/pages\/27","targetHints":{"allow":["GET"]}}],"collection":[{"href":"https:\/\/perhonjokilaaksonkuvataideyhdistys.com\/index.php?rest_route=\/wp\/v2\/pages"}],"about":[{"href":"https:\/\/perhonjokilaaksonkuvataideyhdistys.com\/index.php?rest_route=\/wp\/v2\/types\/page"}],"author":[{"embeddable":true,"href":"https:\/\/perhonjokilaaksonkuvataideyhdistys.com\/index.php?rest_route=\/wp\/v2\/users\/1"}],"replies":[{"embeddable":true,"href":"https:\/\/perhonjokilaaksonkuvataideyhdistys.com\/index.php?rest_route=%2Fwp%2Fv2%2Fcomments&post=27"}],"version-history":[{"count":7,"href":"https:\/\/perhonjokilaaksonkuvataideyhdistys.com\/index.php?rest_route=\/wp\/v2\/pages\/27\/revisions"}],"predecessor-version":[{"id":1509,"href":"https:\/\/perhonjokilaaksonkuvataideyhdistys.com\/index.php?rest_route=\/wp\/v2\/pages\/27\/revisions\/1509"}],"wp:attachment":[{"href":"https:\/\/perhonjokilaaksonkuvataideyhdistys.com\/index.php?rest_route=%2Fwp%2Fv2%2Fmedia&parent=27"}],"curies":[{"name":"wp","href":"https:\/\/api.w.org\/{rel}","templated":true}]}}