{"id":25,"date":"2015-03-26T09:10:28","date_gmt":"2015-03-26T07:10:28","guid":{"rendered":"http:\/\/perhonjokilaaksonkuvataideyhdistys.com\/?page_id=25"},"modified":"2018-09-04T18:46:34","modified_gmt":"2018-09-04T15:46:34","slug":"menneet","status":"publish","type":"page","link":"https:\/\/perhonjokilaaksonkuvataideyhdistys.com\/?page_id=25","title":{"rendered":"MENNEET"},"content":{"rendered":"<p>Menneit\u00e4 tapahtumia<\/p>\n<hr \/>\n<p><strong>N\u00e4yttelyt 2018<\/strong><\/p>\n<p>Samaa vett\u00e4-taiden\u00e4yttely j\u00e4rjestettiin 1.8.-31.8.2018. N\u00e4yttelyll\u00e4 juhlistettiin Vetelin ja muiden Perhonjokilaakson kuntien 150-vuotisjuhlavuotta. N\u00e4yttelyn nimi kuvaa sit\u00e4, miten kunnat ovat saman veden \u00e4\u00e4rell\u00e4 Perhonjoen varrella. Mukana oli 24 taiteilijaa ja 58 teosta. Teokset olivat esill\u00e4 Vetelin Taidekartanon ensimm\u00e4isess\u00e4 kerroksessa. Mukana oli enimm\u00e4kseen eri tekniikoin tehtyj\u00e4 tauluja, mutta my\u00f6s yksi tilateos ja yksi videoteos sek\u00e4 pieni\u00e4 veistoksia ja valokuvia. Vesiteema oli vahvasti esill\u00e4.<\/p>\n<hr \/>\n<p><strong>N\u00e4yttelyt 2014<\/strong><\/p>\n<p>1.2 ja 2.2.2014 Leena Salmelan taidemyyntin\u00e4yttely Vetelin Taidekartano,<\/p>\n<hr \/>\n<p><strong>N\u00e4yttelyt 2013<\/strong><\/p>\n<p>ARTaika 2013, Vetelin Taidekartanon nelj\u00e4s kuvataiden\u00e4yttely 1.7.-31.8.2013<\/p>\n<p>N\u00e4yttelyyn osallistui Keski-Pohjanmaan maakunnan ja Teerij\u00e4rven alueilla asuvia sek\u00e4 alueilta l\u00e4ht\u00f6isin olevia kuvataiteilijoita ja kuvataiteen harrastajia. Kutsutaiteilijana oli Leena Salmela. N\u00e4yttely koostui paljolti maalauksista, grafiikasta sek\u00e4 valokuvista, mutta mukana oli my\u00f6s reliefej\u00e4, installaatio ja mediataidetta. Kutsutaiteilijan t\u00f6iden joukossa oli my\u00f6s mosaiikkeja.<\/p>\n<p>3.1. \u2013 28.2.2013 \u201dIhmisi\u00e4 jokilaaksossa\u201d Leena Salmelan \u00d6ljyv\u00e4rimaalauksia Perhon kunnankirjasto<\/p>\n<p>20.4.2013 Taitelijakoti Villa Montun avajaiset, n\u00e4ytteill\u00e4 oli yli 200 Leena Salmelan teosta Haukilahti, Pulkkinen<\/p>\n<p>8.9. \u2013 6.10.2013 \u201dKasvot kertovat\u201d Leena Salmelan muiston\u00e4yttelysarjan I osa Lyijykyn\u00e4- , hiili- ja tussit\u00f6it\u00e4 Perhon kunnankirjasto<\/p>\n<p>27.10.2013 \u2013 30.4.2014 \u201dJumala on rakkaus\u201d Leena Salmelan muiston\u00e4yttelysarjan II osa Kristillisaiheisia \u00f6ljyv\u00e4rimaalauksia Vetelin seurakuntatalo<\/p>\n<hr \/>\n<p><strong>N\u00e4yttelyt 2012<\/strong><\/p>\n<p>VETELIN TAIDEKARTANON III KUVATAIDEN\u00c4YTTELY<br \/>\n1.7. \u2013 31.8.2012<br \/>\nN\u00e4yttelyyn saivat osallistua Perhonjokilaakson ja Lestijokilaakson alueen taiteilijat ja taiteenharrastajat. Ensimm\u00e4ist\u00e4 kertaa Taidekartanon n\u00e4yttelyhistoriassa teosten joukossa oli my\u00f6s mediataidetta. N\u00e4yttelyn kutsutaiteilijana, kuraattorina ja juryttajana oli Taiteilija-ohjaaja Marita Liulia.<br \/>\nMuita yhdistyksen j\u00e4rjest\u00e4mi\u00e4 tapahtumia 2012<\/p>\n<p>Taidekartanon Joulumarkkinat 17.-18.11. Markkinat j\u00e4rjestettiin ensimm\u00e4ist\u00e4 kertaa. Myyt\u00e4v\u00e4n\u00e4 oli monipuolisesti k\u00e4sit\u00f6it\u00e4, leivoksia sek\u00e4 kirjallisuus ja taidetuotteita.<\/p>\n<p>Syyskekkerit 30.8. j\u00e4rjestettiin kes\u00e4n\u00e4yttelyn p\u00e4\u00e4tteeksi. Ohjelmassa oli musiikkia, yhteislaulua, kilpailu, arpajaiset ja tietenkin kahvitus.<\/p>\n<p>Kirjallisuuskeskustelu 15.8. Marita Liulian teoksesta &#8221;Choosing my religion&#8221;<\/p>\n<p>Laulua ja Soittoa Taidekartanossa 5.8. Mestaripelimanni Voitto Isosaaren suunnittelema musiikkitapahtuma. Mukana oli pelimanneja ja laulajia Perhonjokilaaksosta.<\/p>\n<hr \/>\n<p><strong>N\u00e4yttelyt 2011<\/strong><\/p>\n<p>VETELIN TAIDEKARTANON II KUVATAIDEN\u00c4YTTELY<br \/>\n1.6. \u2013 31.8.2011<br \/>\nTeoksia oli l\u00e4hes 200 noin viidelt\u00e4kymmenelt\u00e4 eri taiteilijalta ja taiteenharrastajalta. N\u00e4yttelyyn valitut olivat t\u00e4ll\u00e4 kertaa kotoisin\/ syntyj\u00e4\u00e4n Perhonjokilaakson kunnista. N\u00e4yttely sai osakseen paljon kiitosta korkeasta tasostaan ja monipuolisuudestaan. Kutsuvierastaiteilijana oli kaustislaissyntyinen Jaakko Valo (Jyv\u00e4skyl\u00e4).<\/p>\n<hr \/>\n<p><strong>Muita yhdistyksen j\u00e4rjest\u00e4mi\u00e4 tapahtumia 2011<\/strong><\/p>\n<p>Myym\u00e4l\u00e4puoti, jossa oli Perhonjokilaakson alueelta olevia erilaisia tuotteita myynniss\u00e4<\/p>\n<p>Satutunnit joka keskiviikko hein\u00e4 ja elokuun ajan, lapsia k\u00e4vi satutunneilla yhteens\u00e4 95<\/p>\n<p>Perinnep\u00e4iv\u00e4 8.7. P\u00e4iv\u00e4n aikana esiteltiin perinteisi\u00e4 ty\u00f6tapoja, lasten ulkoleikkej\u00e4, Poeta-runoryhm\u00e4 esiintyi, kantelemusiikkia esitettiin, taidepajaan sai osallistua sek\u00e4 monenlaista muuta ohjelmaa koko p\u00e4iv\u00e4n iltaan saakka<\/p>\n<p>Kirjailijailta 27.7. \u00c4ht\u00e4ril\u00e4inen esikoiskirjailija Armi Toivola esitteli tilaisuudessa teostaan<\/p>\n<p>Kuvataidekurssi yli 8-vuotiaille lapsille ja nuorille 1. \u2013 4.8.<\/p>\n<p>Runoilta \u201dNaisen tunteet\u201d 7.8. \u00c4ht\u00e4ril\u00e4iset Tuula Haapaj\u00e4rvi ja Minna Hiironen esiintyiv\u00e4t<\/p>\n<p>Kirjailijailta 14.8. Halsualainen Eila Kujala esitteli uusinta teostaan sek\u00e4 my\u00f6s aiempaa tuotantoaan<\/p>\n<p>Musiikki-ilta 21.8. Perholaiset Minna Ventil\u00e4 (laulu) sek\u00e4 Katja Louhula (piano) esiintyiv\u00e4t sek\u00e4 laulattivat yleis\u00f6\u00e4<\/p>\n<p>Muisteloita Taidekartanossa 28.8. Entisille em\u00e4nt\u00e4koululaisille j\u00e4rjestettiin tapaaminen Taidekartanossa, joka toimi aikoinaan Em\u00e4nt\u00e4kouluna vuosikymmeni\u00e4.<\/p>\n<p>Taidearpajaiset 28.8.<\/p>\n<p>Em\u00e4nt\u00e4koulun tulevaisuus, 13.10.<br \/>\nTaidekartanotoiminnan jatkumisesta ja sen mahdollisuuksista toimia ymp\u00e4rivuotisesti pidettiin Vetelin kunnan ja yhdistyksen j\u00e4rjest\u00e4m\u00e4 keskustelutilaisuus &#8221;ideariihi&#8221; 13.10. Taidekartanossa. Illan tarkoituksena oli selvitt\u00e4\u00e4 mink\u00e4lainen tahtotila on alueen kulttuuritoimijoilla ja luottamusmiehill\u00e4 talon s\u00e4ilytt\u00e4miseksi kulttuurik\u00e4yt\u00f6ss\u00e4. P\u00e4\u00e4dyttiin yhteisesti siihen, ett\u00e4 pyrit\u00e4\u00e4n tekem\u00e4\u00e4n Taidekartanosta toimiva sek\u00e4 omin avuin toimiva kulttuuritalo.<\/p>\n<hr \/>\n<p><strong>N\u00e4yttelyt 2010<\/strong><\/p>\n<p>VETELIN TAIDEKARTANON I KUVATAIDEN\u00c4YTTELY 1.6. \u2013 31.8.2010<br \/>\nEntiseen Vetelin Em\u00e4nt\u00e4koulun rakennukseen tuli j\u00e4lleen el\u00e4m\u00e4\u00e4, kun ovet avattiin yleis\u00f6lle Vetelil\u00e4isten kuvataitelijoiden ja harrastajien yhteisn\u00e4yttely-tapahtumalla. Elokuun loppuun menness\u00e4 n\u00e4yttely ker\u00e4si kuvataiteesta kiinnostuneita ihmisi\u00e4 yli 2300. Tapahtuman yhteisty\u00f6kumppanina oli Hymy-hanke.<\/p>\n<hr \/>\n<p><strong>Muita yhdistyksen j\u00e4rjest\u00e4mi\u00e4 tapahtumia 2010<\/strong><\/p>\n<p>Kurssit 2010<br \/>\nSarjakuvakurssi, 5.7. -9.7.<br \/>\nMuotokuvapiirustus, 26.7.-30.7.<\/p>\n<p>Opettajana toimi kuvataiteilija Pilvi Kivij\u00e4rvi. Kursseja oli suunnattu eri-ik\u00e4isille ja kokoontumispaikkana oli Taidekartano.<\/p>\n<p>Taidepajat 28.6-28.9.2010<br \/>\nPohjanmaan Taidetoimikunnan nuorten taiteilijoiden ty\u00f6llist\u00e4mishankkeella toteutetut Vanhusten ja kehitysvammaisten ty\u00f6pajat Perhonjokilaakson palveluyksik\u00f6iss\u00e4. Ohjaajana toimi Pilvi Kivij\u00e4rvi.<\/p>\n<p>Runotapahtuma ja musiikkia 8.8.2010<br \/>\nPoeta-runoryhm\u00e4 esitti runoja Taidekartanon taiden\u00e4yttelyn k\u00e4vij\u00f6ille ja pianomusiikkia taituroi Teemu Varila. Illalla yleis\u00f6 sai vapaasti lausua runoja ja esitt\u00e4\u00e4 runotoiveita Poeta-runoryhm\u00e4lle.<\/p>\n","protected":false},"excerpt":{"rendered":"<p>Menneit\u00e4 tapahtumia N\u00e4yttelyt 2018 Samaa vett\u00e4-taiden\u00e4yttely j\u00e4rjestettiin 1.8.-31.8.2018. N\u00e4yttelyll\u00e4 juhlistettiin Vetelin ja muiden Perhonjokilaakson kuntien 150-vuotisjuhlavuotta. N\u00e4yttelyn nimi kuvaa sit\u00e4, miten kunnat ovat saman veden \u00e4\u00e4rell\u00e4 Perhonjoen varrella. Mukana oli 24 taiteilijaa ja 58 teosta. Teokset olivat esill\u00e4 Vetelin Taidekartanon ensimm\u00e4isess\u00e4 kerroksessa. Mukana oli enimm\u00e4kseen eri tekniikoin tehtyj\u00e4 tauluja, mutta my\u00f6s yksi tilateos ja yksi&hellip;<\/p>\n","protected":false},"author":1,"featured_media":0,"parent":0,"menu_order":0,"comment_status":"closed","ping_status":"open","template":"","meta":{"footnotes":""},"class_list":["post-25","page","type-page","status-publish","hentry","empty-entry-meta"],"_links":{"self":[{"href":"https:\/\/perhonjokilaaksonkuvataideyhdistys.com\/index.php?rest_route=\/wp\/v2\/pages\/25","targetHints":{"allow":["GET"]}}],"collection":[{"href":"https:\/\/perhonjokilaaksonkuvataideyhdistys.com\/index.php?rest_route=\/wp\/v2\/pages"}],"about":[{"href":"https:\/\/perhonjokilaaksonkuvataideyhdistys.com\/index.php?rest_route=\/wp\/v2\/types\/page"}],"author":[{"embeddable":true,"href":"https:\/\/perhonjokilaaksonkuvataideyhdistys.com\/index.php?rest_route=\/wp\/v2\/users\/1"}],"replies":[{"embeddable":true,"href":"https:\/\/perhonjokilaaksonkuvataideyhdistys.com\/index.php?rest_route=%2Fwp%2Fv2%2Fcomments&post=25"}],"version-history":[{"count":9,"href":"https:\/\/perhonjokilaaksonkuvataideyhdistys.com\/index.php?rest_route=\/wp\/v2\/pages\/25\/revisions"}],"predecessor-version":[{"id":1821,"href":"https:\/\/perhonjokilaaksonkuvataideyhdistys.com\/index.php?rest_route=\/wp\/v2\/pages\/25\/revisions\/1821"}],"wp:attachment":[{"href":"https:\/\/perhonjokilaaksonkuvataideyhdistys.com\/index.php?rest_route=%2Fwp%2Fv2%2Fmedia&parent=25"}],"curies":[{"name":"wp","href":"https:\/\/api.w.org\/{rel}","templated":true}]}}