{"id":23,"date":"2015-03-26T09:10:21","date_gmt":"2015-03-26T07:10:21","guid":{"rendered":"http:\/\/perhonjokilaaksonkuvataideyhdistys.com\/?page_id=23"},"modified":"2019-07-25T14:57:39","modified_gmt":"2019-07-25T11:57:39","slug":"tulevat","status":"publish","type":"page","link":"https:\/\/perhonjokilaaksonkuvataideyhdistys.com\/?page_id=23","title":{"rendered":"TULEVAT"},"content":{"rendered":"<p>&nbsp;<\/p>\n<hr \/>\n<p>Taidekartanolla pyrit\u00e4\u00e4n j\u00e4rjest\u00e4m\u00e4\u00e4n vaihtelevasti aina taiteeseen liittyv\u00e4\u00e4 monipuolista kurssitoimintaa ja tapahtumia, miss\u00e4 usein on tasokkaita esiintyji\u00e4.<\/p>\n","protected":false},"excerpt":{"rendered":"<p>&nbsp; Taidekartanolla pyrit\u00e4\u00e4n j\u00e4rjest\u00e4m\u00e4\u00e4n vaihtelevasti aina taiteeseen liittyv\u00e4\u00e4 monipuolista kurssitoimintaa ja tapahtumia, miss\u00e4 usein on tasokkaita esiintyji\u00e4.<\/p>\n","protected":false},"author":1,"featured_media":0,"parent":0,"menu_order":0,"comment_status":"closed","ping_status":"open","template":"","meta":{"footnotes":""},"class_list":["post-23","page","type-page","status-publish","hentry","empty-entry-meta"],"_links":{"self":[{"href":"https:\/\/perhonjokilaaksonkuvataideyhdistys.com\/index.php?rest_route=\/wp\/v2\/pages\/23","targetHints":{"allow":["GET"]}}],"collection":[{"href":"https:\/\/perhonjokilaaksonkuvataideyhdistys.com\/index.php?rest_route=\/wp\/v2\/pages"}],"about":[{"href":"https:\/\/perhonjokilaaksonkuvataideyhdistys.com\/index.php?rest_route=\/wp\/v2\/types\/page"}],"author":[{"embeddable":true,"href":"https:\/\/perhonjokilaaksonkuvataideyhdistys.com\/index.php?rest_route=\/wp\/v2\/users\/1"}],"replies":[{"embeddable":true,"href":"https:\/\/perhonjokilaaksonkuvataideyhdistys.com\/index.php?rest_route=%2Fwp%2Fv2%2Fcomments&post=23"}],"version-history":[{"count":12,"href":"https:\/\/perhonjokilaaksonkuvataideyhdistys.com\/index.php?rest_route=\/wp\/v2\/pages\/23\/revisions"}],"predecessor-version":[{"id":1832,"href":"https:\/\/perhonjokilaaksonkuvataideyhdistys.com\/index.php?rest_route=\/wp\/v2\/pages\/23\/revisions\/1832"}],"wp:attachment":[{"href":"https:\/\/perhonjokilaaksonkuvataideyhdistys.com\/index.php?rest_route=%2Fwp%2Fv2%2Fmedia&parent=23"}],"curies":[{"name":"wp","href":"https:\/\/api.w.org\/{rel}","templated":true}]}}