{"id":19,"date":"2015-03-26T09:09:59","date_gmt":"2015-03-26T07:09:59","guid":{"rendered":"http:\/\/perhonjokilaaksonkuvataideyhdistys.com\/?page_id=19"},"modified":"2015-07-31T12:24:45","modified_gmt":"2015-07-31T09:24:45","slug":"tapahtumat","status":"publish","type":"page","link":"https:\/\/perhonjokilaaksonkuvataideyhdistys.com\/?page_id=19","title":{"rendered":"TAPAHTUMAT"},"content":{"rendered":"<p>TAPAHTUMAKALENTERI:<br \/>\nVaphat F\u00e4rit kes\u00e4n\u00e4yttely 2015 ajalla 1.7-31.8.2015<\/p>\n<p>Taidebussi kiert\u00e4\u00e4 Keski-Pohjanmaata 2.8. Bussi kiert\u00e4\u00e4 yhden p\u00e4iv\u00e4n aikana Veikko Vionojan s\u00e4\u00e4ti\u00f6n n\u00e4yttelyn, Tapio Wirkkalan Rosenthal-n\u00e4yttelyn, Juhani Palmun juhlan\u00e4yttelyn ja lopuksi Vaphat F\u00e4rit -n\u00e4yttelyn. Aikaa kohteisiin tutustumiseen on varattu hyvin. Retkelle voi ilmoittautua yhdistyksen kautta. Lis\u00e4tiedot ja aikataulut oheisessa tiedostossa.<br \/>\n<a href=\"https:\/\/perhonjokilaaksonkuvataideyhdistys.com\/wp-content\/uploads\/2015\/06\/Taidebussitiedote.pdf\">Taidebussi 2.8.2015 (PDF-tiedosto)<\/a><\/p>\n<p><strong>Hyvinvoinnin tapahtumia Taidekartanolla. Katso kohdasta Tapahtumat\/tulevat tai lataa esite.<\/strong><br \/>\n<a href=\"https:\/\/perhonjokilaaksonkuvataideyhdistys.com\/wp-content\/uploads\/2015\/07\/elokuu.pdf.pdf\">Hyvinvoinnin tapahtumia(PDF-tiedosto)<\/a><\/p>\n<p>Kes\u00e4nn\u00e4yttelyn p\u00e4\u00e4tt\u00e4minen ja tukikonsertti 31.8.. Konsertti j\u00e4rjestet\u00e4\u00e4n Ilmari Wirkkalan suurteoksen konservointia varten. Lippu 10 e, johon sis\u00e4ltyy kahvi. Laadukkaita esiintyji\u00e4.<\/p>\n<p>Kutsumme Keski-Pohjanmaan alueella asuvia ja alueelta l\u00e4ht\u00f6isin olevia kuvataiteilijoita ja kuvataiteen harrastajia sek\u00e4<br \/>\nPerhonjokilaakson kuvataideyhdistyksen j\u00e4seni\u00e4 yhteisn\u00e4yttelyyn. T\u00e4m\u00e4n vuoden kutsutaiteilijana on Pekka Jylh\u00e4.<\/p>\n<p>Teosten vastaanotto pe 12.6 14-19 ja la 13.6 10-15 Taide-<br \/>\nkartanossa, Em\u00e4nt\u00e4kouluntie 30, Veteli. N\u00e4yttelyss\u00e4 on jurytys ja teoksia voi<br \/>\ntuoda 1-4 kpl. Aihe ja tekniikka ovat vapaat. N\u00e4yttelymaksu 20 \u20ac\/ j\u00e4senet 10 \u20ac.<br \/>\nTeosten tulee olla alle 10 vuotta vanhoja. N\u00e4yttelymaksu maksetaan teosten j\u00e4t\u00f6n yhteydess\u00e4, mielell\u00e4\u00e4n k\u00e4teismaksu.<br \/>\nTervetuloa osallistumaan!<\/p>\n<p>N\u00e4yttely puretaan syyskuun alussa.<\/p>\n<p>Ilmoittautumislomakkeen voi tulostaa t\u00e4st\u00e4 ja lomakkeen voi t\u00e4ytt\u00e4\u00e4 my\u00f6s teoksia j\u00e4tt\u00e4ess\u00e4\u00e4n paikan p\u00e4\u00e4ll\u00e4.<br \/>\n<a href=\"https:\/\/perhonjokilaaksonkuvataideyhdistys.com\/wp-content\/uploads\/2015\/05\/ilmottautumislomake.doc\">Ilmoittautumislomake 2015 (Word-tiedosto)<\/a><\/p>\n<p>Lis\u00e4tietoja Puh. 0406716977,<br \/>\npensseli@kase.fi<\/p>\n","protected":false},"excerpt":{"rendered":"<p>TAPAHTUMAKALENTERI: Vaphat F\u00e4rit kes\u00e4n\u00e4yttely 2015 ajalla 1.7-31.8.2015 Taidebussi kiert\u00e4\u00e4 Keski-Pohjanmaata 2.8. Bussi kiert\u00e4\u00e4 yhden p\u00e4iv\u00e4n aikana Veikko Vionojan s\u00e4\u00e4ti\u00f6n n\u00e4yttelyn, Tapio Wirkkalan Rosenthal-n\u00e4yttelyn, Juhani Palmun juhlan\u00e4yttelyn ja lopuksi Vaphat F\u00e4rit -n\u00e4yttelyn. Aikaa kohteisiin tutustumiseen on varattu hyvin. Retkelle voi ilmoittautua yhdistyksen kautta. Lis\u00e4tiedot ja aikataulut oheisessa tiedostossa. Taidebussi 2.8.2015 (PDF-tiedosto) Hyvinvoinnin tapahtumia Taidekartanolla. Katso kohdasta&hellip;<\/p>\n","protected":false},"author":1,"featured_media":0,"parent":0,"menu_order":0,"comment_status":"closed","ping_status":"open","template":"","meta":{"footnotes":""},"class_list":["post-19","page","type-page","status-publish","hentry","empty-entry-meta"],"_links":{"self":[{"href":"https:\/\/perhonjokilaaksonkuvataideyhdistys.com\/index.php?rest_route=\/wp\/v2\/pages\/19","targetHints":{"allow":["GET"]}}],"collection":[{"href":"https:\/\/perhonjokilaaksonkuvataideyhdistys.com\/index.php?rest_route=\/wp\/v2\/pages"}],"about":[{"href":"https:\/\/perhonjokilaaksonkuvataideyhdistys.com\/index.php?rest_route=\/wp\/v2\/types\/page"}],"author":[{"embeddable":true,"href":"https:\/\/perhonjokilaaksonkuvataideyhdistys.com\/index.php?rest_route=\/wp\/v2\/users\/1"}],"replies":[{"embeddable":true,"href":"https:\/\/perhonjokilaaksonkuvataideyhdistys.com\/index.php?rest_route=%2Fwp%2Fv2%2Fcomments&post=19"}],"version-history":[{"count":12,"href":"https:\/\/perhonjokilaaksonkuvataideyhdistys.com\/index.php?rest_route=\/wp\/v2\/pages\/19\/revisions"}],"predecessor-version":[{"id":1663,"href":"https:\/\/perhonjokilaaksonkuvataideyhdistys.com\/index.php?rest_route=\/wp\/v2\/pages\/19\/revisions\/1663"}],"wp:attachment":[{"href":"https:\/\/perhonjokilaaksonkuvataideyhdistys.com\/index.php?rest_route=%2Fwp%2Fv2%2Fmedia&parent=19"}],"curies":[{"name":"wp","href":"https:\/\/api.w.org\/{rel}","templated":true}]}}