{"id":1844,"date":"2026-05-05T14:51:52","date_gmt":"2026-05-05T11:51:52","guid":{"rendered":"http:\/\/perhonjokilaaksonkuvataideyhdistys.com\/?page_id=1844"},"modified":"2026-05-05T14:51:52","modified_gmt":"2026-05-05T11:51:52","slug":"kesanayttely-2026","status":"publish","type":"page","link":"https:\/\/perhonjokilaaksonkuvataideyhdistys.com\/?page_id=1844","title":{"rendered":"KES\u00c4N\u00c4YTTELY 2026"},"content":{"rendered":"<p>Kes\u00e4n 2026 n\u00e4yttely pidet\u00e4\u00e4n Vetelin Taidekartanolla 3.6.-16.8.2026. N\u00e4yttely on auki to-pe klo 13-18 ja la-su klo 11-16.<\/p>\n<p>N\u00e4yttely koostuu kolmesta osasta. Perhonjokilaakson kuvataideyhdistyksen n\u00e4yttelyn kutsutaiteilijoita ovat Noora Kaunisto n\u00e4yttelyll\u00e4\u00e4n &#8221;Tutiseva maa\/Wobby ground&#8221; ja Aki Koskinen n\u00e4yttelyll\u00e4\u00e4n &#8221;Pyrkimyksi\u00e4 ymm\u00e4rt\u00e4\u00e4 el\u00e4m\u00e4\u00e4&#8221;. Marjatta Hietaniemi tuo kokonaisuuteen pitsin\u00e4yttelyn &#8221;Voi pitsi, mik\u00e4 el\u00e4m\u00e4&#8221;. Pohjalaisen taiteilijaliiton n\u00e4yttely koostuu usean taiteilijan n\u00e4yttelyst\u00e4 teemalla &#8221;Valoa&#8221;.<\/p>\n","protected":false},"excerpt":{"rendered":"<p>Kes\u00e4n 2026 n\u00e4yttely pidet\u00e4\u00e4n Vetelin Taidekartanolla 3.6.-16.8.2026. N\u00e4yttely on auki to-pe klo 13-18 ja la-su klo 11-16. N\u00e4yttely koostuu kolmesta osasta. Perhonjokilaakson kuvataideyhdistyksen n\u00e4yttelyn kutsutaiteilijoita ovat Noora Kaunisto n\u00e4yttelyll\u00e4\u00e4n &#8221;Tutiseva maa\/Wobby ground&#8221; ja Aki Koskinen n\u00e4yttelyll\u00e4\u00e4n &#8221;Pyrkimyksi\u00e4 ymm\u00e4rt\u00e4\u00e4 el\u00e4m\u00e4\u00e4&#8221;. Marjatta Hietaniemi tuo kokonaisuuteen pitsin\u00e4yttelyn &#8221;Voi pitsi, mik\u00e4 el\u00e4m\u00e4&#8221;. Pohjalaisen taiteilijaliiton n\u00e4yttely koostuu usean taiteilijan n\u00e4yttelyst\u00e4&hellip;<\/p>\n","protected":false},"author":1,"featured_media":0,"parent":0,"menu_order":0,"comment_status":"closed","ping_status":"open","template":"","meta":{"footnotes":""},"class_list":["post-1844","page","type-page","status-publish","hentry","empty-entry-meta"],"_links":{"self":[{"href":"https:\/\/perhonjokilaaksonkuvataideyhdistys.com\/index.php?rest_route=\/wp\/v2\/pages\/1844","targetHints":{"allow":["GET"]}}],"collection":[{"href":"https:\/\/perhonjokilaaksonkuvataideyhdistys.com\/index.php?rest_route=\/wp\/v2\/pages"}],"about":[{"href":"https:\/\/perhonjokilaaksonkuvataideyhdistys.com\/index.php?rest_route=\/wp\/v2\/types\/page"}],"author":[{"embeddable":true,"href":"https:\/\/perhonjokilaaksonkuvataideyhdistys.com\/index.php?rest_route=\/wp\/v2\/users\/1"}],"replies":[{"embeddable":true,"href":"https:\/\/perhonjokilaaksonkuvataideyhdistys.com\/index.php?rest_route=%2Fwp%2Fv2%2Fcomments&post=1844"}],"version-history":[{"count":1,"href":"https:\/\/perhonjokilaaksonkuvataideyhdistys.com\/index.php?rest_route=\/wp\/v2\/pages\/1844\/revisions"}],"predecessor-version":[{"id":1846,"href":"https:\/\/perhonjokilaaksonkuvataideyhdistys.com\/index.php?rest_route=\/wp\/v2\/pages\/1844\/revisions\/1846"}],"wp:attachment":[{"href":"https:\/\/perhonjokilaaksonkuvataideyhdistys.com\/index.php?rest_route=%2Fwp%2Fv2%2Fmedia&parent=1844"}],"curies":[{"name":"wp","href":"https:\/\/api.w.org\/{rel}","templated":true}]}}