{"id":1841,"date":"2026-05-05T14:38:49","date_gmt":"2026-05-05T11:38:49","guid":{"rendered":"http:\/\/perhonjokilaaksonkuvataideyhdistys.com\/?page_id=1841"},"modified":"2026-05-05T18:15:40","modified_gmt":"2026-05-05T15:15:40","slug":"jasenyys","status":"publish","type":"page","link":"https:\/\/perhonjokilaaksonkuvataideyhdistys.com\/?page_id=1841","title":{"rendered":"J\u00c4SENYYS"},"content":{"rendered":"<p>Yhdistyksen j\u00e4senyys mahdollistaa valinnan yhdistyksen hallitukseen ja p\u00e4\u00e4syn monenlaiseen taidetoimintaan. J\u00e4senet saavat alennuksia yhdistyksen j\u00e4rjest\u00e4miin kursseihin ja taidematkoihin. Kaustisella toimiva kirjakauppa Sininen Sivellin antaa yhdistyksen j\u00e4senille 10 %:n alennuksen kaikista taidetarvikkeista. J\u00e4senille tiedotetaan tapahtumista ja toiminnasta s\u00e4hk\u00f6postilla, joten ilmoitathan oma s\u00e4hk\u00f6postiosoitteesi yhdistyksen s\u00e4hk\u00f6postiin pensseli@kase.fi.  <\/p>\n<p>J\u00e4seneksi voi liitty\u00e4 j\u00e4senmaksun maksamalla.<br \/>\nVuoden 2026 j\u00e4senmaksu varsinaiselle j\u00e4senelle on 15 \u20ac ja kannattajaj\u00e4senelle (esim. yritys) 50 \u20ac.<br \/>\nMaksun saaja: Perhonjokilaakson kuvataideyhdistys ry<br \/>\nTilino: FI85 5512 0020 0277 77<br \/>\nViesti: JM26 ja oma nimi<\/p>\n","protected":false},"excerpt":{"rendered":"<p>Yhdistyksen j\u00e4senyys mahdollistaa valinnan yhdistyksen hallitukseen ja p\u00e4\u00e4syn monenlaiseen taidetoimintaan. J\u00e4senet saavat alennuksia yhdistyksen j\u00e4rjest\u00e4miin kursseihin ja taidematkoihin. Kaustisella toimiva kirjakauppa Sininen Sivellin antaa yhdistyksen j\u00e4senille 10 %:n alennuksen kaikista taidetarvikkeista. J\u00e4senille tiedotetaan tapahtumista ja toiminnasta s\u00e4hk\u00f6postilla, joten ilmoitathan oma s\u00e4hk\u00f6postiosoitteesi yhdistyksen s\u00e4hk\u00f6postiin pensseli@kase.fi. J\u00e4seneksi voi liitty\u00e4 j\u00e4senmaksun maksamalla. Vuoden 2026 j\u00e4senmaksu varsinaiselle j\u00e4senelle on&hellip;<\/p>\n","protected":false},"author":1,"featured_media":0,"parent":0,"menu_order":0,"comment_status":"closed","ping_status":"open","template":"","meta":{"footnotes":""},"class_list":["post-1841","page","type-page","status-publish","hentry","empty-entry-meta"],"_links":{"self":[{"href":"https:\/\/perhonjokilaaksonkuvataideyhdistys.com\/index.php?rest_route=\/wp\/v2\/pages\/1841","targetHints":{"allow":["GET"]}}],"collection":[{"href":"https:\/\/perhonjokilaaksonkuvataideyhdistys.com\/index.php?rest_route=\/wp\/v2\/pages"}],"about":[{"href":"https:\/\/perhonjokilaaksonkuvataideyhdistys.com\/index.php?rest_route=\/wp\/v2\/types\/page"}],"author":[{"embeddable":true,"href":"https:\/\/perhonjokilaaksonkuvataideyhdistys.com\/index.php?rest_route=\/wp\/v2\/users\/1"}],"replies":[{"embeddable":true,"href":"https:\/\/perhonjokilaaksonkuvataideyhdistys.com\/index.php?rest_route=%2Fwp%2Fv2%2Fcomments&post=1841"}],"version-history":[{"count":3,"href":"https:\/\/perhonjokilaaksonkuvataideyhdistys.com\/index.php?rest_route=\/wp\/v2\/pages\/1841\/revisions"}],"predecessor-version":[{"id":1854,"href":"https:\/\/perhonjokilaaksonkuvataideyhdistys.com\/index.php?rest_route=\/wp\/v2\/pages\/1841\/revisions\/1854"}],"wp:attachment":[{"href":"https:\/\/perhonjokilaaksonkuvataideyhdistys.com\/index.php?rest_route=%2Fwp%2Fv2%2Fmedia&parent=1841"}],"curies":[{"name":"wp","href":"https:\/\/api.w.org\/{rel}","templated":true}]}}