{"id":1742,"date":"2015-09-17T20:28:36","date_gmt":"2015-09-17T17:28:36","guid":{"rendered":"http:\/\/perhonjokilaaksonkuvataideyhdistys.com\/?page_id=1742"},"modified":"2018-09-04T20:01:53","modified_gmt":"2018-09-04T17:01:53","slug":"galleria-neva","status":"publish","type":"page","link":"https:\/\/perhonjokilaaksonkuvataideyhdistys.com\/?page_id=1742","title":{"rendered":"GALLERIA NEVA"},"content":{"rendered":"<p>Vuonna 2010 perustettu<span class=\"_4yxo\"> Galleria Neva <\/span>esitt\u00e4\u00e4 suomalaista ja kansainv\u00e4list\u00e4 kuvataidetta. Tuottajina toimivat mm. valokuvataiteeseen erikoistunut Pohjanmaan valokuvakeskus sek\u00e4 Perhonjokilaakson kuvataideyhdistys. N\u00e4yttelyohjelma sis\u00e4lt\u00e4\u00e4 kaikkia nykytaiteen muotoja, maalauksista veistoksiin, valokuviin, videoihin ja installaatioihin.<\/p>\n<p>&#8217;Neva&#8217; sijaitsee Taidekartanossa, Veteliss\u00e4 osoitteessa Em\u00e4nt\u00e4kouluntie 30, Veteli.<\/p>\n<p>Galleria Nevan toimintaa ja tapahtumia voit seurata Gallerian omilla sivuilla, esimerkiksi<br \/>\nFacebookissa:<a href=\"https:\/\/www.facebook.com\/gallerianeva\/\">\u00a0https:\/\/www.facebook.com\/gallerianeva\/\u00a0<\/a> Sielt\u00e4 l\u00f6yd\u00e4t my\u00f6s yhteystiedot.<\/p>\n","protected":false},"excerpt":{"rendered":"<p>Vuonna 2010 perustettu Galleria Neva esitt\u00e4\u00e4 suomalaista ja kansainv\u00e4list\u00e4 kuvataidetta. Tuottajina toimivat mm. valokuvataiteeseen erikoistunut Pohjanmaan valokuvakeskus sek\u00e4 Perhonjokilaakson kuvataideyhdistys. N\u00e4yttelyohjelma sis\u00e4lt\u00e4\u00e4 kaikkia nykytaiteen muotoja, maalauksista veistoksiin, valokuviin, videoihin ja installaatioihin. &#8217;Neva&#8217; sijaitsee Taidekartanossa, Veteliss\u00e4 osoitteessa Em\u00e4nt\u00e4kouluntie 30, Veteli. Galleria Nevan toimintaa ja tapahtumia voit seurata Gallerian omilla sivuilla, esimerkiksi Facebookissa:\u00a0https:\/\/www.facebook.com\/gallerianeva\/\u00a0 Sielt\u00e4 l\u00f6yd\u00e4t my\u00f6s yhteystiedot.<\/p>\n","protected":false},"author":1,"featured_media":0,"parent":0,"menu_order":0,"comment_status":"closed","ping_status":"open","template":"","meta":{"footnotes":""},"class_list":["post-1742","page","type-page","status-publish","hentry","empty-entry-meta"],"_links":{"self":[{"href":"https:\/\/perhonjokilaaksonkuvataideyhdistys.com\/index.php?rest_route=\/wp\/v2\/pages\/1742","targetHints":{"allow":["GET"]}}],"collection":[{"href":"https:\/\/perhonjokilaaksonkuvataideyhdistys.com\/index.php?rest_route=\/wp\/v2\/pages"}],"about":[{"href":"https:\/\/perhonjokilaaksonkuvataideyhdistys.com\/index.php?rest_route=\/wp\/v2\/types\/page"}],"author":[{"embeddable":true,"href":"https:\/\/perhonjokilaaksonkuvataideyhdistys.com\/index.php?rest_route=\/wp\/v2\/users\/1"}],"replies":[{"embeddable":true,"href":"https:\/\/perhonjokilaaksonkuvataideyhdistys.com\/index.php?rest_route=%2Fwp%2Fv2%2Fcomments&post=1742"}],"version-history":[{"count":12,"href":"https:\/\/perhonjokilaaksonkuvataideyhdistys.com\/index.php?rest_route=\/wp\/v2\/pages\/1742\/revisions"}],"predecessor-version":[{"id":1823,"href":"https:\/\/perhonjokilaaksonkuvataideyhdistys.com\/index.php?rest_route=\/wp\/v2\/pages\/1742\/revisions\/1823"}],"wp:attachment":[{"href":"https:\/\/perhonjokilaaksonkuvataideyhdistys.com\/index.php?rest_route=%2Fwp%2Fv2%2Fmedia&parent=1742"}],"curies":[{"name":"wp","href":"https:\/\/api.w.org\/{rel}","templated":true}]}}