{"id":17,"date":"2015-03-26T09:09:46","date_gmt":"2015-03-26T07:09:46","guid":{"rendered":"http:\/\/perhonjokilaaksonkuvataideyhdistys.com\/?page_id=17"},"modified":"2015-03-31T09:27:06","modified_gmt":"2015-03-31T06:27:06","slug":"logot","status":"publish","type":"page","link":"https:\/\/perhonjokilaaksonkuvataideyhdistys.com\/?page_id=17","title":{"rendered":"LOGOT"},"content":{"rendered":"<p style=\"text-align: left;\"><strong>\u00a0<a href=\"https:\/\/perhonjokilaaksonkuvataideyhdistys.com\/wp-content\/uploads\/2015\/03\/Perhonjokilaakson-Kuvataideyhdistys_V\u00c4Ri.png\"><img loading=\"lazy\" decoding=\"async\" class=\"alignnone  wp-image-113\" src=\"https:\/\/perhonjokilaaksonkuvataideyhdistys.com\/wp-content\/uploads\/2015\/03\/Perhonjokilaakson-Kuvataideyhdistys_V\u00c4Ri-269x300.png\" alt=\"Perhonjokilaakson Kuvataideyhdistys_V\u00c4Ri\" width=\"105\" height=\"117\" srcset=\"https:\/\/perhonjokilaaksonkuvataideyhdistys.com\/wp-content\/uploads\/2015\/03\/Perhonjokilaakson-Kuvataideyhdistys_V\u00c4Ri-269x300.png 269w, https:\/\/perhonjokilaaksonkuvataideyhdistys.com\/wp-content\/uploads\/2015\/03\/Perhonjokilaakson-Kuvataideyhdistys_V\u00c4Ri-920x1024.png 920w\" sizes=\"auto, (max-width: 105px) 100vw, 105px\" \/><\/a><br \/>\nYhdistyksen logon on suunnitellut Aku Tuovinen<img loading=\"lazy\" decoding=\"async\" class=\"alignnone  wp-image-114\" src=\"https:\/\/perhonjokilaaksonkuvataideyhdistys.com\/wp-content\/uploads\/2015\/03\/etusivulogo-300x279.png\" alt=\"etusivulogo\" width=\"80\" height=\"74\" srcset=\"https:\/\/perhonjokilaaksonkuvataideyhdistys.com\/wp-content\/uploads\/2015\/03\/etusivulogo-300x279.png 300w, https:\/\/perhonjokilaaksonkuvataideyhdistys.com\/wp-content\/uploads\/2015\/03\/etusivulogo.png 500w\" sizes=\"auto, (max-width: 80px) 100vw, 80px\" \/><\/strong><\/p>\n<hr \/>\n<p style=\"text-align: left;\">V\u00e4rillinen leve\u00e4<\/p>\n<p style=\"text-align: left;\"><a href=\"https:\/\/perhonjokilaaksonkuvataideyhdistys.com\/wp-content\/uploads\/2015\/03\/Perhonjokilaakson-Kuvataideyhdistys_V\u00c4RIP\u00d6TK\u00d62.png\"><img loading=\"lazy\" decoding=\"async\" class=\"alignnone size-medium wp-image-1497\" src=\"https:\/\/perhonjokilaaksonkuvataideyhdistys.com\/wp-content\/uploads\/2015\/03\/Perhonjokilaakson-Kuvataideyhdistys_V\u00c4RIP\u00d6TK\u00d62-300x86.png\" alt=\"Perhonjokilaakson Kuvataideyhdistys_V\u00c4RIP\u00d6TK\u00d6\" width=\"300\" height=\"86\" srcset=\"https:\/\/perhonjokilaaksonkuvataideyhdistys.com\/wp-content\/uploads\/2015\/03\/Perhonjokilaakson-Kuvataideyhdistys_V\u00c4RIP\u00d6TK\u00d62-300x86.png 300w, https:\/\/perhonjokilaaksonkuvataideyhdistys.com\/wp-content\/uploads\/2015\/03\/Perhonjokilaakson-Kuvataideyhdistys_V\u00c4RIP\u00d6TK\u00d62-1024x294.png 1024w, https:\/\/perhonjokilaaksonkuvataideyhdistys.com\/wp-content\/uploads\/2015\/03\/Perhonjokilaakson-Kuvataideyhdistys_V\u00c4RIP\u00d6TK\u00d62-800x229.png 800w\" sizes=\"auto, (max-width: 300px) 100vw, 300px\" \/><\/a><br \/>\nV\u00e4rillinen kapea<\/p>\n<p style=\"text-align: left;\"><a href=\"https:\/\/perhonjokilaaksonkuvataideyhdistys.com\/wp-content\/uploads\/2015\/03\/Perhonjokilaakson-Kuvataideyhdistys_V\u00c4Ri2.png\"><img loading=\"lazy\" decoding=\"async\" class=\"alignnone size-medium wp-image-1496\" src=\"https:\/\/perhonjokilaaksonkuvataideyhdistys.com\/wp-content\/uploads\/2015\/03\/Perhonjokilaakson-Kuvataideyhdistys_V\u00c4Ri2-269x300.png\" alt=\"Perhonjokilaakson Kuvataideyhdistys_V\u00c4Ri\" width=\"269\" height=\"300\" srcset=\"https:\/\/perhonjokilaaksonkuvataideyhdistys.com\/wp-content\/uploads\/2015\/03\/Perhonjokilaakson-Kuvataideyhdistys_V\u00c4Ri2-269x300.png 269w, https:\/\/perhonjokilaaksonkuvataideyhdistys.com\/wp-content\/uploads\/2015\/03\/Perhonjokilaakson-Kuvataideyhdistys_V\u00c4Ri2-920x1024.png 920w, https:\/\/perhonjokilaaksonkuvataideyhdistys.com\/wp-content\/uploads\/2015\/03\/Perhonjokilaakson-Kuvataideyhdistys_V\u00c4Ri2-800x891.png 800w\" sizes=\"auto, (max-width: 269px) 100vw, 269px\" \/><\/a><br \/>\nHarmaa kapea<\/p>\n<p style=\"text-align: left;\"><a href=\"https:\/\/perhonjokilaaksonkuvataideyhdistys.com\/wp-content\/uploads\/2015\/03\/PERHO-HARMAA1.png\"><img loading=\"lazy\" decoding=\"async\" class=\"alignnone size-medium wp-image-1493\" src=\"https:\/\/perhonjokilaaksonkuvataideyhdistys.com\/wp-content\/uploads\/2015\/03\/PERHO-HARMAA1-269x300.png\" alt=\"PERHO HARMAA\" width=\"269\" height=\"300\" srcset=\"https:\/\/perhonjokilaaksonkuvataideyhdistys.com\/wp-content\/uploads\/2015\/03\/PERHO-HARMAA1-269x300.png 269w, https:\/\/perhonjokilaaksonkuvataideyhdistys.com\/wp-content\/uploads\/2015\/03\/PERHO-HARMAA1-920x1024.png 920w, https:\/\/perhonjokilaaksonkuvataideyhdistys.com\/wp-content\/uploads\/2015\/03\/PERHO-HARMAA1-800x891.png 800w\" sizes=\"auto, (max-width: 269px) 100vw, 269px\" \/><\/a><\/p>\n<p style=\"text-align: left;\">Harmaa leve\u00e4<\/p>\n<p style=\"text-align: left;\"><a href=\"https:\/\/perhonjokilaaksonkuvataideyhdistys.com\/wp-content\/uploads\/2015\/03\/PERHO-HARMAA-P\u00d6TK\u00d6.png\"><img loading=\"lazy\" decoding=\"async\" class=\"alignnone size-medium wp-image-1492\" src=\"https:\/\/perhonjokilaaksonkuvataideyhdistys.com\/wp-content\/uploads\/2015\/03\/PERHO-HARMAA-P\u00d6TK\u00d6-300x86.png\" alt=\"PERHO HARMAA P\u00d6TK\u00d6\" width=\"300\" height=\"86\" srcset=\"https:\/\/perhonjokilaaksonkuvataideyhdistys.com\/wp-content\/uploads\/2015\/03\/PERHO-HARMAA-P\u00d6TK\u00d6-300x86.png 300w, https:\/\/perhonjokilaaksonkuvataideyhdistys.com\/wp-content\/uploads\/2015\/03\/PERHO-HARMAA-P\u00d6TK\u00d6-1024x294.png 1024w, https:\/\/perhonjokilaaksonkuvataideyhdistys.com\/wp-content\/uploads\/2015\/03\/PERHO-HARMAA-P\u00d6TK\u00d6-800x229.png 800w\" sizes=\"auto, (max-width: 300px) 100vw, 300px\" \/><\/a><br \/>\nMusta kapea<\/p>\n<p style=\"text-align: left;\"><a href=\"https:\/\/perhonjokilaaksonkuvataideyhdistys.com\/wp-content\/uploads\/2015\/03\/PERHO-MUSTA1.png\"><img loading=\"lazy\" decoding=\"async\" class=\"alignnone size-medium wp-image-1495\" src=\"https:\/\/perhonjokilaaksonkuvataideyhdistys.com\/wp-content\/uploads\/2015\/03\/PERHO-MUSTA1-269x300.png\" alt=\"PERHO MUSTA\" width=\"269\" height=\"300\" srcset=\"https:\/\/perhonjokilaaksonkuvataideyhdistys.com\/wp-content\/uploads\/2015\/03\/PERHO-MUSTA1-269x300.png 269w, https:\/\/perhonjokilaaksonkuvataideyhdistys.com\/wp-content\/uploads\/2015\/03\/PERHO-MUSTA1-920x1024.png 920w, https:\/\/perhonjokilaaksonkuvataideyhdistys.com\/wp-content\/uploads\/2015\/03\/PERHO-MUSTA1-800x891.png 800w\" sizes=\"auto, (max-width: 269px) 100vw, 269px\" \/><\/a><br \/>\nMusta leve\u00e4<\/p>\n<p style=\"text-align: left;\"><a href=\"https:\/\/perhonjokilaaksonkuvataideyhdistys.com\/wp-content\/uploads\/2015\/03\/PERHO-MUSTA-P\u00d6TK\u00d6.png\"><img loading=\"lazy\" decoding=\"async\" class=\"alignnone size-medium wp-image-1494\" src=\"https:\/\/perhonjokilaaksonkuvataideyhdistys.com\/wp-content\/uploads\/2015\/03\/PERHO-MUSTA-P\u00d6TK\u00d6-300x86.png\" alt=\"PERHO MUSTA P\u00d6TK\u00d6\" width=\"300\" height=\"86\" srcset=\"https:\/\/perhonjokilaaksonkuvataideyhdistys.com\/wp-content\/uploads\/2015\/03\/PERHO-MUSTA-P\u00d6TK\u00d6-300x86.png 300w, https:\/\/perhonjokilaaksonkuvataideyhdistys.com\/wp-content\/uploads\/2015\/03\/PERHO-MUSTA-P\u00d6TK\u00d6-1024x294.png 1024w, https:\/\/perhonjokilaaksonkuvataideyhdistys.com\/wp-content\/uploads\/2015\/03\/PERHO-MUSTA-P\u00d6TK\u00d6-800x229.png 800w\" sizes=\"auto, (max-width: 300px) 100vw, 300px\" \/><\/a><\/p>\n<hr \/>\n<p style=\"text-align: left;\">RGB V\u00e4riarvot<img loading=\"lazy\" decoding=\"async\" class=\"  wp-image-112 alignright\" src=\"https:\/\/perhonjokilaaksonkuvataideyhdistys.com\/wp-content\/uploads\/2015\/03\/PERHO-MUSTA-269x300.png\" alt=\"PERHO MUSTA\" width=\"105\" height=\"118\" srcset=\"https:\/\/perhonjokilaaksonkuvataideyhdistys.com\/wp-content\/uploads\/2015\/03\/PERHO-MUSTA-269x300.png 269w, https:\/\/perhonjokilaaksonkuvataideyhdistys.com\/wp-content\/uploads\/2015\/03\/PERHO-MUSTA-920x1024.png 920w\" sizes=\"auto, (max-width: 105px) 100vw, 105px\" \/><br \/>\nvihre\u00e4:<br \/>\nR 181 C 21<br \/>\nG 230 M 0<br \/>\nB 29 Y 87<br \/>\nK 10<\/p>\n<p style=\"text-align: left;\">sininen:<br \/>\nR 18 C 93<br \/>\nG 202 M 21<br \/>\nB 255 Y 0<br \/>\nK 0<\/p>\n<p style=\"text-align: left;\">vaal.harm:<br \/>\nR 195 C 0<br \/>\nG 195 M 0<br \/>\nB 195 Y 0<br \/>\nK 24<\/p>\n<p style=\"text-align: left;\">tum.harm:<br \/>\nR 143 C 0<br \/>\nG 143 M 0<br \/>\nB 143 Y 0\u00a0K 44<\/p>\n","protected":false},"excerpt":{"rendered":"<p>\u00a0 Yhdistyksen logon on suunnitellut Aku Tuovinen V\u00e4rillinen leve\u00e4 V\u00e4rillinen kapea Harmaa kapea Harmaa leve\u00e4 Musta kapea Musta leve\u00e4 RGB V\u00e4riarvot vihre\u00e4: R 181 C 21 G 230 M 0 B 29 Y 87 K 10 sininen: R 18 C 93 G 202 M 21 B 255 Y 0 K 0 vaal.harm: R 195 C&hellip;<\/p>\n","protected":false},"author":1,"featured_media":0,"parent":0,"menu_order":0,"comment_status":"closed","ping_status":"open","template":"","meta":{"footnotes":""},"class_list":["post-17","page","type-page","status-publish","hentry","empty-entry-meta"],"_links":{"self":[{"href":"https:\/\/perhonjokilaaksonkuvataideyhdistys.com\/index.php?rest_route=\/wp\/v2\/pages\/17","targetHints":{"allow":["GET"]}}],"collection":[{"href":"https:\/\/perhonjokilaaksonkuvataideyhdistys.com\/index.php?rest_route=\/wp\/v2\/pages"}],"about":[{"href":"https:\/\/perhonjokilaaksonkuvataideyhdistys.com\/index.php?rest_route=\/wp\/v2\/types\/page"}],"author":[{"embeddable":true,"href":"https:\/\/perhonjokilaaksonkuvataideyhdistys.com\/index.php?rest_route=\/wp\/v2\/users\/1"}],"replies":[{"embeddable":true,"href":"https:\/\/perhonjokilaaksonkuvataideyhdistys.com\/index.php?rest_route=%2Fwp%2Fv2%2Fcomments&post=17"}],"version-history":[{"count":11,"href":"https:\/\/perhonjokilaaksonkuvataideyhdistys.com\/index.php?rest_route=\/wp\/v2\/pages\/17\/revisions"}],"predecessor-version":[{"id":1513,"href":"https:\/\/perhonjokilaaksonkuvataideyhdistys.com\/index.php?rest_route=\/wp\/v2\/pages\/17\/revisions\/1513"}],"wp:attachment":[{"href":"https:\/\/perhonjokilaaksonkuvataideyhdistys.com\/index.php?rest_route=%2Fwp%2Fv2%2Fmedia&parent=17"}],"curies":[{"name":"wp","href":"https:\/\/api.w.org\/{rel}","templated":true}]}}