{"id":15,"date":"2015-03-26T09:09:32","date_gmt":"2015-03-26T07:09:32","guid":{"rendered":"http:\/\/perhonjokilaaksonkuvataideyhdistys.com\/?page_id=15"},"modified":"2015-03-31T09:27:57","modified_gmt":"2015-03-31T06:27:57","slug":"saannot","status":"publish","type":"page","link":"https:\/\/perhonjokilaaksonkuvataideyhdistys.com\/?page_id=15","title":{"rendered":"S\u00c4\u00c4NN\u00d6T"},"content":{"rendered":"<p style=\"text-align: left;\">Yhdistyksen s\u00e4\u00e4nn\u00f6t 12.4.1984<\/p>\n<hr \/>\n<p style=\"text-align: left;\">1\u00a7<br \/>\nYhdistyksen nimi on Perhonjokilaakson kuvataideyhdistys ja sen toiminta-alue on Veteli, Kaustinen, Halsua ja Perho ymp\u00e4rist\u00f6ineen ja kotipaikkana Veteli.<\/p>\n<hr \/>\n<p style=\"text-align: left;\">2\u00a7<br \/>\nYhdistyksen tarkoituksena on tukea kuvataiteen harjoittajia, j\u00e4rjest\u00e4\u00e4 taiden\u00e4yttelyit\u00e4, ei kuitenkaan myyntin\u00e4yttelyit\u00e4, sek\u00e4 kehitt\u00e4\u00e4 ja syvent\u00e4\u00e4 taiteenymm\u00e4rt\u00e4mist\u00e4 toiminta-alueen kunnissa. Yhdistys pyrkii j\u00e4rjest\u00e4m\u00e4\u00e4n j\u00e4senin\u00e4\u00e4n oleville kuvataiteen harjoittajille kursseja yms. opiskelumahdollisuuksia, asianmukaiset ty\u00f6skentelytilat sek\u00e4 jakamaan mahdollisuuksien mukaan apurahoja. Yhdistys toteuttaa taidevalistusta j\u00e4rjest\u00e4m\u00e4ll\u00e4 kokouksia, keskusteluja ja luentotilaisuuksia, j\u00e4senilleen koti- ja ulkomaisia opintomatkoja sek\u00e4 harjoittamalla julkaisutoimintaa. Yhdistys voi jakautua n\u00e4it\u00e4 toimintamuotoja hoitaviksi jaostoiksi.<\/p>\n<hr \/>\n<p style=\"text-align: left;\">3\u00a7<br \/>\nYhdistyksen j\u00e4senet ovat ty\u00f6- ja kunniaj\u00e4seni\u00e4 Johtokunta hyv\u00e4ksyy yksimielisesti ty\u00f6j\u00e4senet. Kunniaj\u00e4seniksi saattaa yhdistys kutsua henkil\u00f6it\u00e4, jotka ovat huomattavalla tavalla vaikuttaneet yhdistyksen tai sen tarkoitusperien hyv\u00e4ksi. Kunniaj\u00e4sen valitaan johtokunnan esityksest\u00e4 yhdistyksen kokouksessa<\/p>\n<hr \/>\n<p style=\"text-align: left;\">4\u00a7<br \/>\nJ\u00e4senet maksavat yhdistyksen vuosikokouksen m\u00e4\u00e4r\u00e4\u00e4m\u00e4n vuosimaksun. Kunniaj\u00e4sen on vapaa vuosimaksusta. Kahtena viimeksi kuluneena vuotena j\u00e4senmaksunsa suorittamatta j\u00e4tt\u00e4nyt j\u00e4sen katsotaan johtokunnan p\u00e4\u00e4t\u00f6ksell\u00e4 eronneeksi.<\/p>\n<hr \/>\n<p style=\"text-align: left;\">5\u00a7<br \/>\nYhdistys voi liitty\u00e4 j\u00e4seneksi alan keskusj\u00e4rjest\u00f6\u00f6n<\/p>\n<hr \/>\n<p style=\"text-align: left;\">6\u00a7<br \/>\nYhdistyksen toimintaa johtaa ja asioita valvoo hallituksena vuosikokouksen valitsema johtokunta, johon kuuluu puheenjohtaja ja seitsem\u00e4n (7) j\u00e4sent\u00e4, joille valitaan henkil\u00f6kohtaiset varaj\u00e4senet. 4\/3 j\u00e4sent\u00e4 ja n\u00e4iden varaj\u00e4senet ovat vuosittain erovuorossa, ensimm\u00e4isen kerran arvan nojalla.<br \/>\nJohtokunta valitsee keskuudestaan varapuheenjohtajan ja sihteerin sek\u00e4 ottaa ja erottaa muut tarpeelliset toimihenkil\u00f6t. Johtokunta kokoontuu puheenjohtajan kutsusta tarvittaessa, tai jos v\u00e4hint\u00e4\u00e4n kolme j\u00e4sent\u00e4 sit\u00e4 vaatii. Kokous on p\u00e4\u00e4t\u00f6svaltainen 4 j\u00e4senen, puheenjohtaja ja varapuheenjohtaja mukaan luettuna, osallistuessa asioiden k\u00e4sittelyyn. Asiat ratkaistaan yksinkertaisella \u00e4\u00e4nten enemmist\u00f6ll\u00e4. \u00c4\u00e4nten menness\u00e4 tasan ratkaisee puheenjohtajan \u00e4\u00e4ni ja vaaleissa arpa.<\/p>\n<hr \/>\n<p style=\"text-align: left;\">7\u00a7<br \/>\nYhdistyksen nimen kirjoittaa puheenjohtaja tai varapuheenjohtaja, jompi kumpi yhdess\u00e4 sihteerin tai taloutta koskevissa asioissa johtokunnan m\u00e4\u00e4r\u00e4\u00e4m\u00e4n toimihenkil\u00f6n kanssa.<\/p>\n<hr \/>\n<p style=\"text-align: left;\">8\u00a7<br \/>\nPuheenjohtajan teht\u00e4v\u00e4 on :<br \/>\n&#8211; kutsua johtokunta tarvittaessa koolle<br \/>\n&#8211; johtaa puhetta johtokunnan ja vuosikokousta lukuun ottamatta yhdistyksen kokouksessa,<br \/>\n&#8211; merkit\u00e4 yhdistyksen nimi 7 \u00a7:n mukaisesti ja antaa maksum\u00e4\u00e4r\u00e4ykset,<br \/>\n-panna toimeen johtokunnan p\u00e4\u00e4t\u00f6kset, jollei toisin ole m\u00e4\u00e4r\u00e4tty, ja valvoa niiden noudattamista. Puheenjohtajan ollessa estyneen\u00e4 johtaa varapuheenjohtaja h\u00e4nen teht\u00e4vi\u00e4\u00e4n.<\/p>\n<p style=\"text-align: left;\">Sihteerin teht\u00e4v\u00e4n\u00e4 on:<br \/>\n&#8211; laatia yhdistyksen ja sen johtokunnan kokouksien p\u00f6yt\u00e4kirjat, vuosikertomus sek\u00e4 muut asiakirjat ja varmentaa ne nimikirjoituksellaan.<br \/>\n&#8211; hoitaa yhdistyksen kirjeenvaihtoa<br \/>\n&#8211; j\u00e4rjest\u00e4\u00e4 ja hoitaa yhdistyksen arkistoa,<br \/>\n&#8211; merkit\u00e4 yhdistyksen nimi 7 \u00a7:n mukaisesti.<\/p>\n<p style=\"text-align: left;\">Varainhoitajan teht\u00e4v\u00e4n\u00e4 on:<br \/>\n&#8211; hoitaa yhdistyksen omaisuutta ja rahavaroja johtokunnan antamien ohjeiden mukaisesti<br \/>\n&#8211; pit\u00e4\u00e4 johtokunnan puolesta luetteloa yhdistyksen j\u00e4senist\u00e4 ja koota sen perusteella vuosittain j\u00e4senmaksut, mik\u00e4li ei johtokunta ole toisin p\u00e4\u00e4tt\u00e4nyt.<br \/>\n&#8211; hoitaa yhdistyksen kirjanpito ja p\u00e4\u00e4tt\u00e4\u00e4 tilit sek\u00e4 huolehtia niiden tarkastamisesta.<\/p>\n<hr \/>\n<p style=\"text-align: left;\">9\u00a7<br \/>\nYhdistyksen tilit p\u00e4\u00e4tet\u00e4\u00e4n kalenterivuosittain. Tilinp\u00e4\u00e4t\u00f6ksen pit\u00e4\u00e4 olla valmiina ennen seuraavan vuoden maaliskuun 1. p\u00e4iv\u00e4\u00e4, jolloin tilikirjat todisteineen sek\u00e4 yhdistyksen johtokunnan kertomus toiminnastaan edellisen\u00e4 tilivuonna on annettava tilintarkastajille. Tilintarkastajien on toimitettava yhdistyksen tilien, omaisuuden ja johtokunnan toiminnan tarkastus sek\u00e4 annettava lausuntonsa tuloksesta ennen maaliskuun 15. p\u00e4iv\u00e4\u00e4.<\/p>\n<hr \/>\n<p style=\"text-align: left;\">10\u00a7<br \/>\nYhdistys kokoontuu johtokunnan kutsusta tarpeen mukaan, mutta kuitenkin v\u00e4hint\u00e4\u00e4n kaksi kertaa vuodessa. Asiat ratkaistaan yksinkertaisella \u00e4\u00e4nten enemmist\u00f6ll\u00e4, paitsi s\u00e4\u00e4nt\u00f6jen 14\u00a7:ss\u00e4 mainitut, \u00e4\u00e4nten menness\u00e4 tasan ratkaisee puheenjohtajan \u00e4\u00e4ni, vaaleissa arpa.<\/p>\n<hr \/>\n<p style=\"text-align: left;\">11\u00a7<br \/>\nJohtokunta kutsuu yhdistyksen kokouksen koolle v\u00e4hint\u00e4\u00e4n viikkoa ennen<br \/>\nkokousta l\u00e4hett\u00e4m\u00e4ll\u00e4 kirjallisen kutsun kullekin j\u00e4senelle.<\/p>\n<hr \/>\n<p style=\"text-align: left;\">12\u00a7<br \/>\nYhdistyksen vuosikokous pidet\u00e4\u00e4n ennen huhtikuun 1 p\u00e4iv\u00e4\u00e4. Siin\u00e4 k\u00e4sitell\u00e4\u00e4n seuraavat asiat:<br \/>\n1) valitaan kokoukselle puheenjohtaja ja sihteeri sek\u00e4 kaksi p\u00f6yt\u00e4kirjantarkastajaa<br \/>\n2) Esitet\u00e4\u00e4n johtokunnan laatima vuosikertomus<br \/>\n3) Esitet\u00e4\u00e4n tilikertomus ja tilintarkastajien lausunto<br \/>\n4) Vahvistetaan tilinp\u00e4\u00e4t\u00f6s ja my\u00f6nnet\u00e4\u00e4n johtokunnalle vastuuvapaus sek\u00e4 p\u00e4\u00e4tet\u00e4\u00e4n johtokunnan kertomuksen ja tilintarkastajien lausunnon mahdollisesti aiheuttamista toimista.<br \/>\n5) M\u00e4\u00e4r\u00e4t\u00e4\u00e4n j\u00e4senmaksun Suuruus<br \/>\n6) Hyv\u00e4ksyt\u00e4\u00e4n tulo- ja menoarvio sek\u00e4 toimintasuunnitelma<br \/>\n7) Valitaan johtokunnan puheenjohtaja<br \/>\n8) Valitaan johtokunnan j\u00e4senet erovuoroisten tilalle<br \/>\n9) Valitaan kaksi tilintarkastajaa varamiehineen<br \/>\n10) K\u00e4sitell\u00e4\u00e4n muut kokouskutsussa esill\u00e4 olevat asiat.<\/p>\n<hr \/>\n<p style=\"text-align: left;\">13\u00a7<br \/>\nYhdistyksell\u00e4 on oikeus ottaa vastaan lahjoituksia ja testamentteja sek\u00e4 omistaa rahastoja ja toimintaansa varten tarpeellista kiinte\u00e4\u00e4 omaisuutta.<\/p>\n<hr \/>\n<p style=\"text-align: left;\">14\u00a7<br \/>\nEhdotukset n\u00e4iden s\u00e4\u00e4nt\u00f6jen muuttamiseksi tai yhdistyksen purkamiseksi voidaan ottaa esille ainoastaan vuosikokouksessa ja ehdotuksen tulee saada v\u00e4hint\u00e4\u00e4n kolme nelj\u00e4sosaa (3\/4) annetuista \u00e4\u00e4nist\u00e4. P\u00e4\u00e4t\u00f6ksen on astuakseen voimaan, tultava viel\u00e4 samalla tavalla hyv\u00e4ksytyksi v\u00e4hint\u00e4\u00e4n yksi kuukausi vuosikokouksen j\u00e4lkeen pidetyss\u00e4 yhdistyksen kokouksessa.<\/p>\n<hr \/>\n<p style=\"text-align: left;\">15\u00a7<br \/>\nJos yhdistys puretaan tai lakkautetaan, luovutetaan sen j\u00e4ljelle j\u00e4\u00e4neet varat toiminta-alueen kunnille k\u00e4ytett\u00e4v\u00e4ksi taide-el\u00e4m\u00e4n tukemiseen yhdistyksen periaatteita noudattaen.<\/p>\n<hr \/>\n<p style=\"text-align: left;\">16\u00a7<br \/>\nMuuten noudatetaan voimassa olevaa yhdistyslakia<\/p>\n","protected":false},"excerpt":{"rendered":"<p>Yhdistyksen s\u00e4\u00e4nn\u00f6t 12.4.1984 1\u00a7 Yhdistyksen nimi on Perhonjokilaakson kuvataideyhdistys ja sen toiminta-alue on Veteli, Kaustinen, Halsua ja Perho ymp\u00e4rist\u00f6ineen ja kotipaikkana Veteli. 2\u00a7 Yhdistyksen tarkoituksena on tukea kuvataiteen harjoittajia, j\u00e4rjest\u00e4\u00e4 taiden\u00e4yttelyit\u00e4, ei kuitenkaan myyntin\u00e4yttelyit\u00e4, sek\u00e4 kehitt\u00e4\u00e4 ja syvent\u00e4\u00e4 taiteenymm\u00e4rt\u00e4mist\u00e4 toiminta-alueen kunnissa. Yhdistys pyrkii j\u00e4rjest\u00e4m\u00e4\u00e4n j\u00e4senin\u00e4\u00e4n oleville kuvataiteen harjoittajille kursseja yms. opiskelumahdollisuuksia, asianmukaiset ty\u00f6skentelytilat sek\u00e4 jakamaan&hellip;<\/p>\n","protected":false},"author":1,"featured_media":0,"parent":0,"menu_order":0,"comment_status":"closed","ping_status":"open","template":"","meta":{"footnotes":""},"class_list":["post-15","page","type-page","status-publish","hentry","empty-entry-meta"],"_links":{"self":[{"href":"https:\/\/perhonjokilaaksonkuvataideyhdistys.com\/index.php?rest_route=\/wp\/v2\/pages\/15","targetHints":{"allow":["GET"]}}],"collection":[{"href":"https:\/\/perhonjokilaaksonkuvataideyhdistys.com\/index.php?rest_route=\/wp\/v2\/pages"}],"about":[{"href":"https:\/\/perhonjokilaaksonkuvataideyhdistys.com\/index.php?rest_route=\/wp\/v2\/types\/page"}],"author":[{"embeddable":true,"href":"https:\/\/perhonjokilaaksonkuvataideyhdistys.com\/index.php?rest_route=\/wp\/v2\/users\/1"}],"replies":[{"embeddable":true,"href":"https:\/\/perhonjokilaaksonkuvataideyhdistys.com\/index.php?rest_route=%2Fwp%2Fv2%2Fcomments&post=15"}],"version-history":[{"count":5,"href":"https:\/\/perhonjokilaaksonkuvataideyhdistys.com\/index.php?rest_route=\/wp\/v2\/pages\/15\/revisions"}],"predecessor-version":[{"id":1515,"href":"https:\/\/perhonjokilaaksonkuvataideyhdistys.com\/index.php?rest_route=\/wp\/v2\/pages\/15\/revisions\/1515"}],"wp:attachment":[{"href":"https:\/\/perhonjokilaaksonkuvataideyhdistys.com\/index.php?rest_route=%2Fwp%2Fv2%2Fmedia&parent=15"}],"curies":[{"name":"wp","href":"https:\/\/api.w.org\/{rel}","templated":true}]}}