{"id":13,"date":"2015-03-26T09:09:16","date_gmt":"2015-03-26T07:09:16","guid":{"rendered":"http:\/\/perhonjokilaaksonkuvataideyhdistys.com\/?page_id=13"},"modified":"2026-05-05T19:21:13","modified_gmt":"2026-05-05T16:21:13","slug":"yhteystiedot","status":"publish","type":"page","link":"https:\/\/perhonjokilaaksonkuvataideyhdistys.com\/?page_id=13","title":{"rendered":"YHTEYSTIEDOT"},"content":{"rendered":"<p style=\"text-align: left;\">Meille saa mielell\u00e4\u00e4n antaa palautetta yhdistyksemme toiminnasta, nettisivustosta yms. Palautteen voi l\u00e4hett\u00e4\u00e4 s\u00e4hk\u00f6postilla tai toimittaa j\u00e4senillemme tapahtumiemme yhteydess\u00e4. Olemme my\u00f6s Facebookissa.<\/p>\n<hr \/>\n<p style=\"text-align: left;\">Yhdistyksen s\u00e4hk\u00f6posti: pensseli(at)kase.fi<\/p>\n<p style=\"text-align: left;\">Yhdistyksen blogi:<a href=\"http:\/\/vetelintaidekartano.blogspot.com\/\"> http:\/\/vetelintaidekartano.blogspot.com\/<\/a><\/p>\n<hr \/>\n<p style=\"text-align: left;\">Yhdistyksen kokoustila (Taidekartanossa): Em\u00e4nt\u00e4kouluntie 20, Veteli<\/p>\n","protected":false},"excerpt":{"rendered":"<p>Meille saa mielell\u00e4\u00e4n antaa palautetta yhdistyksemme toiminnasta, nettisivustosta yms. Palautteen voi l\u00e4hett\u00e4\u00e4 s\u00e4hk\u00f6postilla tai toimittaa j\u00e4senillemme tapahtumiemme yhteydess\u00e4. Olemme my\u00f6s Facebookissa. Yhdistyksen s\u00e4hk\u00f6posti: pensseli(at)kase.fi Yhdistyksen blogi: http:\/\/vetelintaidekartano.blogspot.com\/ Yhdistyksen kokoustila (Taidekartanossa): Em\u00e4nt\u00e4kouluntie 20, Veteli<\/p>\n","protected":false},"author":1,"featured_media":0,"parent":0,"menu_order":0,"comment_status":"closed","ping_status":"open","template":"","meta":{"footnotes":""},"class_list":["post-13","page","type-page","status-publish","hentry","empty-entry-meta"],"_links":{"self":[{"href":"https:\/\/perhonjokilaaksonkuvataideyhdistys.com\/index.php?rest_route=\/wp\/v2\/pages\/13","targetHints":{"allow":["GET"]}}],"collection":[{"href":"https:\/\/perhonjokilaaksonkuvataideyhdistys.com\/index.php?rest_route=\/wp\/v2\/pages"}],"about":[{"href":"https:\/\/perhonjokilaaksonkuvataideyhdistys.com\/index.php?rest_route=\/wp\/v2\/types\/page"}],"author":[{"embeddable":true,"href":"https:\/\/perhonjokilaaksonkuvataideyhdistys.com\/index.php?rest_route=\/wp\/v2\/users\/1"}],"replies":[{"embeddable":true,"href":"https:\/\/perhonjokilaaksonkuvataideyhdistys.com\/index.php?rest_route=%2Fwp%2Fv2%2Fcomments&post=13"}],"version-history":[{"count":13,"href":"https:\/\/perhonjokilaaksonkuvataideyhdistys.com\/index.php?rest_route=\/wp\/v2\/pages\/13\/revisions"}],"predecessor-version":[{"id":1860,"href":"https:\/\/perhonjokilaaksonkuvataideyhdistys.com\/index.php?rest_route=\/wp\/v2\/pages\/13\/revisions\/1860"}],"wp:attachment":[{"href":"https:\/\/perhonjokilaaksonkuvataideyhdistys.com\/index.php?rest_route=%2Fwp%2Fv2%2Fmedia&parent=13"}],"curies":[{"name":"wp","href":"https:\/\/api.w.org\/{rel}","templated":true}]}}