{"id":11,"date":"2015-03-26T09:08:58","date_gmt":"2015-03-26T07:08:58","guid":{"rendered":"http:\/\/perhonjokilaaksonkuvataideyhdistys.com\/?page_id=11"},"modified":"2015-03-31T09:07:15","modified_gmt":"2015-03-31T06:07:15","slug":"tietoja","status":"publish","type":"page","link":"https:\/\/perhonjokilaaksonkuvataideyhdistys.com\/?page_id=11","title":{"rendered":"TIETOJA"},"content":{"rendered":"<p><a title=\"YHTEYSTIEDOT\" href=\"https:\/\/perhonjokilaaksonkuvataideyhdistys.com\/yhteystiedot\/\">Yhteystiedot<\/a><\/p>\n<p><a title=\"S\u00c4\u00c4NN\u00d6T\" href=\"https:\/\/perhonjokilaaksonkuvataideyhdistys.com\/saannot\/\">S\u00e4\u00e4nn\u00f6t<\/a><\/p>\n<p><a title=\"LOGOT\" href=\"https:\/\/perhonjokilaaksonkuvataideyhdistys.com\/logot\/\">Logot<\/a><\/p>\n","protected":false},"excerpt":{"rendered":"<p>Yhteystiedot S\u00e4\u00e4nn\u00f6t Logot<\/p>\n","protected":false},"author":1,"featured_media":0,"parent":0,"menu_order":0,"comment_status":"closed","ping_status":"open","template":"","meta":{"footnotes":""},"class_list":["post-11","page","type-page","status-publish","hentry","empty-entry-meta"],"_links":{"self":[{"href":"https:\/\/perhonjokilaaksonkuvataideyhdistys.com\/index.php?rest_route=\/wp\/v2\/pages\/11","targetHints":{"allow":["GET"]}}],"collection":[{"href":"https:\/\/perhonjokilaaksonkuvataideyhdistys.com\/index.php?rest_route=\/wp\/v2\/pages"}],"about":[{"href":"https:\/\/perhonjokilaaksonkuvataideyhdistys.com\/index.php?rest_route=\/wp\/v2\/types\/page"}],"author":[{"embeddable":true,"href":"https:\/\/perhonjokilaaksonkuvataideyhdistys.com\/index.php?rest_route=\/wp\/v2\/users\/1"}],"replies":[{"embeddable":true,"href":"https:\/\/perhonjokilaaksonkuvataideyhdistys.com\/index.php?rest_route=%2Fwp%2Fv2%2Fcomments&post=11"}],"version-history":[{"count":3,"href":"https:\/\/perhonjokilaaksonkuvataideyhdistys.com\/index.php?rest_route=\/wp\/v2\/pages\/11\/revisions"}],"predecessor-version":[{"id":1503,"href":"https:\/\/perhonjokilaaksonkuvataideyhdistys.com\/index.php?rest_route=\/wp\/v2\/pages\/11\/revisions\/1503"}],"wp:attachment":[{"href":"https:\/\/perhonjokilaaksonkuvataideyhdistys.com\/index.php?rest_route=%2Fwp%2Fv2%2Fmedia&parent=11"}],"curies":[{"name":"wp","href":"https:\/\/api.w.org\/{rel}","templated":true}]}}